{"id":142,"date":"2019-01-15T15:09:24","date_gmt":"2019-01-15T14:09:24","guid":{"rendered":"http:\/\/www.francoisdelahaie.fr\/?page_id=142"},"modified":"2019-06-25T09:17:45","modified_gmt":"2019-06-25T07:17:45","slug":"autres-medias","status":"publish","type":"page","link":"https:\/\/www.francoisdelahaie.fr\/?page_id=142","title":{"rendered":"Autres m\u00e9dias"},"content":{"rendered":"\n<p>Je r\u00e9alise \u00e9galement des <a href=\"https:\/\/www.francoisdelahaie.fr\/?page_id=145\">illustrations <\/a>\u00e0 la demande, plut\u00f4t style BD, ainsi que des <a href=\"https:\/\/www.francoisdelahaie.fr\/?page_id=149\">vid\u00e9os<\/a> dessin\u00e9es (scribing vid\u00e9o)<\/p>\n\n\n\n<ul class=\"wp-block-gallery columns-2 is-cropped wp-block-gallery-1 is-layout-flex wp-block-gallery-is-layout-flex\"><li class=\"blocks-gallery-item\"><figure><a href=\"https:\/\/i0.wp.com\/www.francoisdelahaie.fr\/wp-content\/uploads\/2019\/01\/OPTIM-bd-gilles-729x1024.jpg?ssl=1\"><img data-recalc-dims=\"1\" height=\"1024\" width=\"729\" decoding=\"async\" src=\"https:\/\/i0.wp.com\/www.francoisdelahaie.fr\/wp-content\/uploads\/2019\/01\/OPTIM-bd-gilles-729x1024.jpg?resize=729%2C1024&#038;ssl=1\" alt=\"\" data-id=\"135\" data-link=\"https:\/\/www.francoisdelahaie.fr\/optim-bd-gilles\/\" class=\"wp-image-135\"\/><\/a><\/figure><\/li><li class=\"blocks-gallery-item\"><figure><a href=\"https:\/\/i0.wp.com\/www.francoisdelahaie.fr\/wp-content\/uploads\/2019\/01\/force-ent-esquisse-3-2-1024x551.jpg?ssl=1\"><img data-recalc-dims=\"1\" height=\"551\" width=\"1024\" decoding=\"async\" src=\"https:\/\/i0.wp.com\/www.francoisdelahaie.fr\/wp-content\/uploads\/2019\/01\/force-ent-esquisse-3-2-1024x551.jpg?resize=1024%2C551&#038;ssl=1\" alt=\"\" data-id=\"137\" data-link=\"https:\/\/www.francoisdelahaie.fr\/force-ent-esquisse-3-2\/\" class=\"wp-image-137\"\/><\/a><\/figure><\/li><li class=\"blocks-gallery-item\"><figure><a href=\"https:\/\/i0.wp.com\/www.francoisdelahaie.fr\/wp-content\/uploads\/2019\/01\/force-ent-esquisse-3-1-1024x640.jpg?ssl=1\"><img data-recalc-dims=\"1\" height=\"640\" width=\"1024\" decoding=\"async\" src=\"https:\/\/i0.wp.com\/www.francoisdelahaie.fr\/wp-content\/uploads\/2019\/01\/force-ent-esquisse-3-1-1024x640.jpg?resize=1024%2C640&#038;ssl=1\" alt=\"\" data-id=\"136\" data-link=\"https:\/\/www.francoisdelahaie.fr\/force-ent-esquisse-3-1\/\" class=\"wp-image-136\"\/><\/a><\/figure><\/li><li class=\"blocks-gallery-item\"><figure><a href=\"https:\/\/i0.wp.com\/www.francoisdelahaie.fr\/wp-content\/uploads\/2019\/01\/JLL-ADP-page-2.jpg?ssl=1\"><img data-recalc-dims=\"1\" decoding=\"async\" src=\"https:\/\/i0.wp.com\/www.francoisdelahaie.fr\/wp-content\/uploads\/2019\/01\/JLL-ADP-page-2.jpg?w=1200&#038;ssl=1\" alt=\"\" data-id=\"134\" data-link=\"https:\/\/www.francoisdelahaie.fr\/jll-adp-page-2\/\" class=\"wp-image-134\"\/><\/a><\/figure><\/li><li class=\"blocks-gallery-item\"><figure><a href=\"https:\/\/i0.wp.com\/www.francoisdelahaie.fr\/wp-content\/uploads\/2019\/01\/vision-et-chemin-1024x286.jpg?ssl=1\"><img data-recalc-dims=\"1\" height=\"286\" width=\"1024\" decoding=\"async\" src=\"https:\/\/i0.wp.com\/www.francoisdelahaie.fr\/wp-content\/uploads\/2019\/01\/vision-et-chemin-1024x286.jpg?resize=1024%2C286&#038;ssl=1\" alt=\"\" data-id=\"133\" data-link=\"https:\/\/www.francoisdelahaie.fr\/vision-et-chemin\/\" class=\"wp-image-133\"\/><\/a><\/figure><\/li><li class=\"blocks-gallery-item\"><figure><a href=\"https:\/\/i0.wp.com\/www.francoisdelahaie.fr\/wp-content\/uploads\/2019\/01\/Sc%C3%A8ne-compl%C3%A8te-1024x724.jpg?ssl=1\"><img data-recalc-dims=\"1\" height=\"724\" width=\"1024\" decoding=\"async\" src=\"https:\/\/i0.wp.com\/www.francoisdelahaie.fr\/wp-content\/uploads\/2019\/01\/Sc%C3%A8ne-compl%C3%A8te-1024x724.jpg?resize=1024%2C724&#038;ssl=1\" alt=\"\" data-id=\"132\" data-link=\"https:\/\/www.francoisdelahaie.fr\/scene-complete\/\" class=\"wp-image-132\"\/><\/a><\/figure><\/li><\/ul>\n","protected":false},"excerpt":{"rendered":"<p>Je r\u00e9alise \u00e9galement des illustrations \u00e0 la demande, plut\u00f4t style BD, ainsi que des vid\u00e9os dessin\u00e9es (scribing vid\u00e9o)<\/p>\n","protected":false},"author":1,"featured_media":0,"parent":0,"menu_order":0,"comment_status":"closed","ping_status":"closed","template":"","meta":{"ocean_post_layout":"","ocean_both_sidebars_style":"","ocean_both_sidebars_content_width":0,"ocean_both_sidebars_sidebars_width":0,"ocean_sidebar":"","ocean_second_sidebar":"","ocean_disable_margins":"enable","ocean_add_body_class":"","ocean_shortcode_before_top_bar":"","ocean_shortcode_after_top_bar":"","ocean_shortcode_before_header":"","ocean_shortcode_after_header":"","ocean_has_shortcode":"","ocean_shortcode_after_title":"","ocean_shortcode_before_footer_widgets":"","ocean_shortcode_after_footer_widgets":"","ocean_shortcode_before_footer_bottom":"","ocean_shortcode_after_footer_bottom":"","ocean_display_top_bar":"default","ocean_display_header":"default","ocean_header_style":"","ocean_center_header_left_menu":"","ocean_custom_header_template":"","ocean_custom_logo":0,"ocean_custom_retina_logo":0,"ocean_custom_logo_max_width":0,"ocean_custom_logo_tablet_max_width":0,"ocean_custom_logo_mobile_max_width":0,"ocean_custom_logo_max_height":0,"ocean_custom_logo_tablet_max_height":0,"ocean_custom_logo_mobile_max_height":0,"ocean_header_custom_menu":"","ocean_menu_typo_font_family":"","ocean_menu_typo_font_subset":"","ocean_menu_typo_font_size":0,"ocean_menu_typo_font_size_tablet":0,"ocean_menu_typo_font_size_mobile":0,"ocean_menu_typo_font_size_unit":"px","ocean_menu_typo_font_weight":"","ocean_menu_typo_font_weight_tablet":"","ocean_menu_typo_font_weight_mobile":"","ocean_menu_typo_transform":"","ocean_menu_typo_transform_tablet":"","ocean_menu_typo_transform_mobile":"","ocean_menu_typo_line_height":0,"ocean_menu_typo_line_height_tablet":0,"ocean_menu_typo_line_height_mobile":0,"ocean_menu_typo_line_height_unit":"","ocean_menu_typo_spacing":0,"ocean_menu_typo_spacing_tablet":0,"ocean_menu_typo_spacing_mobile":0,"ocean_menu_typo_spacing_unit":"","ocean_menu_link_color":"","ocean_menu_link_color_hover":"","ocean_menu_link_color_active":"","ocean_menu_link_background":"","ocean_menu_link_hover_background":"","ocean_menu_link_active_background":"","ocean_menu_social_links_bg":"","ocean_menu_social_hover_links_bg":"","ocean_menu_social_links_color":"","ocean_menu_social_hover_links_color":"","ocean_disable_title":"default","ocean_disable_heading":"default","ocean_post_title":"","ocean_post_subheading":"","ocean_post_title_style":"","ocean_post_title_background_color":"","ocean_post_title_background":0,"ocean_post_title_bg_image_position":"","ocean_post_title_bg_image_attachment":"","ocean_post_title_bg_image_repeat":"","ocean_post_title_bg_image_size":"","ocean_post_title_height":0,"ocean_post_title_bg_overlay":0.5,"ocean_post_title_bg_overlay_color":"","ocean_disable_breadcrumbs":"default","ocean_breadcrumbs_color":"","ocean_breadcrumbs_separator_color":"","ocean_breadcrumbs_links_color":"","ocean_breadcrumbs_links_hover_color":"","ocean_display_footer_widgets":"default","ocean_display_footer_bottom":"default","ocean_custom_footer_template":"","jetpack_post_was_ever_published":false,"footnotes":""},"class_list":["post-142","page","type-page","status-publish","hentry","entry"],"jetpack_sharing_enabled":true,"jetpack_shortlink":"https:\/\/wp.me\/PaCJF5-2i","_links":{"self":[{"href":"https:\/\/www.francoisdelahaie.fr\/index.php?rest_route=\/wp\/v2\/pages\/142","targetHints":{"allow":["GET"]}}],"collection":[{"href":"https:\/\/www.francoisdelahaie.fr\/index.php?rest_route=\/wp\/v2\/pages"}],"about":[{"href":"https:\/\/www.francoisdelahaie.fr\/index.php?rest_route=\/wp\/v2\/types\/page"}],"author":[{"embeddable":true,"href":"https:\/\/www.francoisdelahaie.fr\/index.php?rest_route=\/wp\/v2\/users\/1"}],"replies":[{"embeddable":true,"href":"https:\/\/www.francoisdelahaie.fr\/index.php?rest_route=%2Fwp%2Fv2%2Fcomments&post=142"}],"version-history":[{"count":6,"href":"https:\/\/www.francoisdelahaie.fr\/index.php?rest_route=\/wp\/v2\/pages\/142\/revisions"}],"predecessor-version":[{"id":670,"href":"https:\/\/www.francoisdelahaie.fr\/index.php?rest_route=\/wp\/v2\/pages\/142\/revisions\/670"}],"wp:attachment":[{"href":"https:\/\/www.francoisdelahaie.fr\/index.php?rest_route=%2Fwp%2Fv2%2Fmedia&parent=142"}],"curies":[{"name":"wp","href":"https:\/\/api.w.org\/{rel}","templated":true}]}}