{"id":34,"date":"2019-01-14T19:19:13","date_gmt":"2019-01-14T18:19:13","guid":{"rendered":"http:\/\/www.francoisdelahaie.fr\/?page_id=34"},"modified":"2019-01-14T19:19:13","modified_gmt":"2019-01-14T18:19:13","slug":"le-clown-dans-tout-ca","status":"publish","type":"page","link":"https:\/\/www.francoisdelahaie.fr\/?page_id=34","title":{"rendered":"LE CLOWN DANS TOUT \u00c7A !"},"content":{"rendered":"\n<div class=\"wp-block-image\"><figure class=\"alignright is-resized\"><img data-recalc-dims=\"1\" loading=\"lazy\" decoding=\"async\" data-attachment-id=\"35\" data-permalink=\"https:\/\/www.francoisdelahaie.fr\/?attachment_id=35\" data-orig-file=\"https:\/\/i0.wp.com\/www.francoisdelahaie.fr\/wp-content\/uploads\/2019\/01\/P1410745-%C2%B2-.jpg?fit=1000%2C1000&amp;ssl=1\" data-orig-size=\"1000,1000\" data-comments-opened=\"1\" data-image-meta=\"{&quot;aperture&quot;:&quot;4.5&quot;,&quot;credit&quot;:&quot;&quot;,&quot;camera&quot;:&quot;DMC-FZ38&quot;,&quot;caption&quot;:&quot;&quot;,&quot;created_timestamp&quot;:&quot;1511195060&quot;,&quot;copyright&quot;:&quot;&quot;,&quot;focal_length&quot;:&quot;4.8&quot;,&quot;iso&quot;:&quot;125&quot;,&quot;shutter_speed&quot;:&quot;0.033333333333333&quot;,&quot;title&quot;:&quot;&quot;,&quot;orientation&quot;:&quot;1&quot;}\" data-image-title=\"P1410745 \u00b2-\" data-image-description=\"\" data-image-caption=\"\" data-medium-file=\"https:\/\/i0.wp.com\/www.francoisdelahaie.fr\/wp-content\/uploads\/2019\/01\/P1410745-%C2%B2-.jpg?fit=300%2C300&amp;ssl=1\" data-large-file=\"https:\/\/i0.wp.com\/www.francoisdelahaie.fr\/wp-content\/uploads\/2019\/01\/P1410745-%C2%B2-.jpg?fit=1000%2C1000&amp;ssl=1\" src=\"https:\/\/i0.wp.com\/www.francoisdelahaie.fr\/wp-content\/uploads\/2019\/01\/P1410745-%C2%B2-.jpg?resize=306%2C306&#038;ssl=1\" alt=\"\" class=\"wp-image-35\" width=\"306\" height=\"306\" srcset=\"https:\/\/i0.wp.com\/www.francoisdelahaie.fr\/wp-content\/uploads\/2019\/01\/P1410745-%C2%B2-.jpg?w=1000&amp;ssl=1 1000w, https:\/\/i0.wp.com\/www.francoisdelahaie.fr\/wp-content\/uploads\/2019\/01\/P1410745-%C2%B2-.jpg?resize=150%2C150&amp;ssl=1 150w, https:\/\/i0.wp.com\/www.francoisdelahaie.fr\/wp-content\/uploads\/2019\/01\/P1410745-%C2%B2-.jpg?resize=300%2C300&amp;ssl=1 300w, https:\/\/i0.wp.com\/www.francoisdelahaie.fr\/wp-content\/uploads\/2019\/01\/P1410745-%C2%B2-.jpg?resize=768%2C768&amp;ssl=1 768w, https:\/\/i0.wp.com\/www.francoisdelahaie.fr\/wp-content\/uploads\/2019\/01\/P1410745-%C2%B2-.jpg?resize=100%2C100&amp;ssl=1 100w\" sizes=\"auto, (max-width: 306px) 100vw, 306px\" \/><\/figure><\/div>\n\n\n\n<p>Il pourrait y avoir un c\u00f4t\u00e9 \u00ab&nbsp;fou du roi&nbsp;\u00bb dans mes interventions, mais ce n\u2019est pas de cela dont je veux parler.<\/p>\n\n\n\n<p>Le clown est \u00e0 la fois une source\nd\u2019inspiration et une pratique que je trouve assez proche de mes interventions\nen live. Le clown d\u00e9ploie des antennes de tous types. Chaque ressenti ,\nobservation, stimulus, peut \u00eatre l\u2019occasion pour lui de rejoindre notre\nhumanit\u00e9. La fragilit\u00e9 qu\u2019est celle de l\u2019humain est pour le clown un acc\u00e8s\ndirect \u00e0 notre c\u0153ur.<\/p>\n\n\n\n<p>Ce personnage est, par essence, pr\u00e9sent \u00e0 100% dans le pr\u00e9sent, \u00e0 l\u2019\u00e9coute. Il utilise ce qu\u2019il capte pour interagir avec les spectateurs en \u00e9tant un diffuseur d\u2019\u00e9motions. Il nourrit son jeu des r\u00e9actions et \u00e9tablit une relation qui raconte une histoire.<\/p>\n\n\n\n<p> Pratiquer le clown, c\u2019est d\u00e9velopper des antennes sensibles orient\u00e9es vers l\u2019humain et l\u2019humanit\u00e9.  <\/p>\n","protected":false},"excerpt":{"rendered":"<p>Il pourrait y avoir un c\u00f4t\u00e9 \u00ab&nbsp;fou du roi&nbsp;\u00bb dans mes interventions, mais ce n\u2019est pas de cela dont je veux parler. Le clown est \u00e0 la fois une source d\u2019inspiration et une pratique que je trouve assez proche de mes interventions en live. Le clown d\u00e9ploie des antennes de tous types. Chaque ressenti , [&hellip;]<\/p>\n","protected":false},"author":1,"featured_media":0,"parent":0,"menu_order":0,"comment_status":"closed","ping_status":"closed","template":"","meta":{"ocean_post_layout":"","ocean_both_sidebars_style":"","ocean_both_sidebars_content_width":0,"ocean_both_sidebars_sidebars_width":0,"ocean_sidebar":"","ocean_second_sidebar":"","ocean_disable_margins":"enable","ocean_add_body_class":"","ocean_shortcode_before_top_bar":"","ocean_shortcode_after_top_bar":"","ocean_shortcode_before_header":"","ocean_shortcode_after_header":"","ocean_has_shortcode":"","ocean_shortcode_after_title":"","ocean_shortcode_before_footer_widgets":"","ocean_shortcode_after_footer_widgets":"","ocean_shortcode_before_footer_bottom":"","ocean_shortcode_after_footer_bottom":"","ocean_display_top_bar":"default","ocean_display_header":"default","ocean_header_style":"","ocean_center_header_left_menu":"","ocean_custom_header_template":"","ocean_custom_logo":0,"ocean_custom_retina_logo":0,"ocean_custom_logo_max_width":0,"ocean_custom_logo_tablet_max_width":0,"ocean_custom_logo_mobile_max_width":0,"ocean_custom_logo_max_height":0,"ocean_custom_logo_tablet_max_height":0,"ocean_custom_logo_mobile_max_height":0,"ocean_header_custom_menu":"","ocean_menu_typo_font_family":"","ocean_menu_typo_font_subset":"","ocean_menu_typo_font_size":0,"ocean_menu_typo_font_size_tablet":0,"ocean_menu_typo_font_size_mobile":0,"ocean_menu_typo_font_size_unit":"px","ocean_menu_typo_font_weight":"","ocean_menu_typo_font_weight_tablet":"","ocean_menu_typo_font_weight_mobile":"","ocean_menu_typo_transform":"","ocean_menu_typo_transform_tablet":"","ocean_menu_typo_transform_mobile":"","ocean_menu_typo_line_height":0,"ocean_menu_typo_line_height_tablet":0,"ocean_menu_typo_line_height_mobile":0,"ocean_menu_typo_line_height_unit":"","ocean_menu_typo_spacing":0,"ocean_menu_typo_spacing_tablet":0,"ocean_menu_typo_spacing_mobile":0,"ocean_menu_typo_spacing_unit":"","ocean_menu_link_color":"","ocean_menu_link_color_hover":"","ocean_menu_link_color_active":"","ocean_menu_link_background":"","ocean_menu_link_hover_background":"","ocean_menu_link_active_background":"","ocean_menu_social_links_bg":"","ocean_menu_social_hover_links_bg":"","ocean_menu_social_links_color":"","ocean_menu_social_hover_links_color":"","ocean_disable_title":"default","ocean_disable_heading":"default","ocean_post_title":"","ocean_post_subheading":"","ocean_post_title_style":"","ocean_post_title_background_color":"","ocean_post_title_background":0,"ocean_post_title_bg_image_position":"","ocean_post_title_bg_image_attachment":"","ocean_post_title_bg_image_repeat":"","ocean_post_title_bg_image_size":"","ocean_post_title_height":0,"ocean_post_title_bg_overlay":0.5,"ocean_post_title_bg_overlay_color":"","ocean_disable_breadcrumbs":"default","ocean_breadcrumbs_color":"","ocean_breadcrumbs_separator_color":"","ocean_breadcrumbs_links_color":"","ocean_breadcrumbs_links_hover_color":"","ocean_display_footer_widgets":"default","ocean_display_footer_bottom":"default","ocean_custom_footer_template":"","jetpack_post_was_ever_published":false,"footnotes":""},"class_list":["post-34","page","type-page","status-publish","hentry","entry"],"jetpack_sharing_enabled":true,"jetpack_shortlink":"https:\/\/wp.me\/PaCJF5-y","_links":{"self":[{"href":"https:\/\/www.francoisdelahaie.fr\/index.php?rest_route=\/wp\/v2\/pages\/34","targetHints":{"allow":["GET"]}}],"collection":[{"href":"https:\/\/www.francoisdelahaie.fr\/index.php?rest_route=\/wp\/v2\/pages"}],"about":[{"href":"https:\/\/www.francoisdelahaie.fr\/index.php?rest_route=\/wp\/v2\/types\/page"}],"author":[{"embeddable":true,"href":"https:\/\/www.francoisdelahaie.fr\/index.php?rest_route=\/wp\/v2\/users\/1"}],"replies":[{"embeddable":true,"href":"https:\/\/www.francoisdelahaie.fr\/index.php?rest_route=%2Fwp%2Fv2%2Fcomments&post=34"}],"version-history":[{"count":1,"href":"https:\/\/www.francoisdelahaie.fr\/index.php?rest_route=\/wp\/v2\/pages\/34\/revisions"}],"predecessor-version":[{"id":38,"href":"https:\/\/www.francoisdelahaie.fr\/index.php?rest_route=\/wp\/v2\/pages\/34\/revisions\/38"}],"wp:attachment":[{"href":"https:\/\/www.francoisdelahaie.fr\/index.php?rest_route=%2Fwp%2Fv2%2Fmedia&parent=34"}],"curies":[{"name":"wp","href":"https:\/\/api.w.org\/{rel}","templated":true}]}}