{"id":457,"date":"2020-08-27T14:12:15","date_gmt":"2020-08-27T12:12:15","guid":{"rendered":"http:\/\/www.francoisdelahaie.fr\/?page_id=457"},"modified":"2021-03-31T10:30:26","modified_gmt":"2021-03-31T08:30:26","slug":"partenariats","status":"publish","type":"page","link":"https:\/\/www.francoisdelahaie.fr\/?page_id=457","title":{"rendered":"Partenariats"},"content":{"rendered":"\n<div class=\"wp-block-group\"><div class=\"wp-block-group__inner-container is-layout-flow wp-block-group-is-layout-flow\">\n<figure class=\"wp-block-table aligncenter is-style-regular\"><table class=\"has-fixed-layout\"><tbody><tr><td class=\"has-text-align-center\" data-align=\"center\"><a href=\"https:\/\/optim-ressources.com\/\" target=\"_blank\" rel=\"noreferrer noopener\"><img data-recalc-dims=\"1\" loading=\"lazy\" decoding=\"async\" width=\"150\" height=\"113\" data-attachment-id=\"533\" data-permalink=\"https:\/\/www.francoisdelahaie.fr\/?attachment_id=533\" data-orig-file=\"https:\/\/i0.wp.com\/www.francoisdelahaie.fr\/wp-content\/uploads\/2020\/08\/p1-Optim.png?fit=800%2C600&amp;ssl=1\" data-orig-size=\"800,600\" data-comments-opened=\"1\" data-image-meta=\"{&quot;aperture&quot;:&quot;0&quot;,&quot;credit&quot;:&quot;&quot;,&quot;camera&quot;:&quot;&quot;,&quot;caption&quot;:&quot;&quot;,&quot;created_timestamp&quot;:&quot;0&quot;,&quot;copyright&quot;:&quot;&quot;,&quot;focal_length&quot;:&quot;0&quot;,&quot;iso&quot;:&quot;0&quot;,&quot;shutter_speed&quot;:&quot;0&quot;,&quot;title&quot;:&quot;&quot;,&quot;orientation&quot;:&quot;0&quot;}\" data-image-title=\"p1 Optim\" data-image-description=\"\" data-image-caption=\"\" data-medium-file=\"https:\/\/i0.wp.com\/www.francoisdelahaie.fr\/wp-content\/uploads\/2020\/08\/p1-Optim.png?fit=300%2C225&amp;ssl=1\" data-large-file=\"https:\/\/i0.wp.com\/www.francoisdelahaie.fr\/wp-content\/uploads\/2020\/08\/p1-Optim.png?fit=800%2C600&amp;ssl=1\" class=\"wp-image-533\" style=\"width: 150px;\" src=\"https:\/\/i0.wp.com\/www.francoisdelahaie.fr\/wp-content\/uploads\/2020\/08\/p1-Optim.png?resize=150%2C113&#038;ssl=1\" alt=\"\" srcset=\"https:\/\/i0.wp.com\/www.francoisdelahaie.fr\/wp-content\/uploads\/2020\/08\/p1-Optim.png?w=800&amp;ssl=1 800w, https:\/\/i0.wp.com\/www.francoisdelahaie.fr\/wp-content\/uploads\/2020\/08\/p1-Optim.png?resize=300%2C225&amp;ssl=1 300w, https:\/\/i0.wp.com\/www.francoisdelahaie.fr\/wp-content\/uploads\/2020\/08\/p1-Optim.png?resize=768%2C576&amp;ssl=1 768w\" sizes=\"auto, (max-width: 150px) 100vw, 150px\" \/><\/a><\/td><td class=\"has-text-align-center\" data-align=\"center\"><a href=\"https:\/\/www.lafabriquehumaine.fr\/\" target=\"_blank\" rel=\"noreferrer noopener\"><img data-recalc-dims=\"1\" loading=\"lazy\" decoding=\"async\" width=\"150\" height=\"113\" data-attachment-id=\"534\" data-permalink=\"https:\/\/www.francoisdelahaie.fr\/?attachment_id=534\" data-orig-file=\"https:\/\/i0.wp.com\/www.francoisdelahaie.fr\/wp-content\/uploads\/2020\/08\/P2-LFH.png?fit=800%2C600&amp;ssl=1\" data-orig-size=\"800,600\" data-comments-opened=\"1\" data-image-meta=\"{&quot;aperture&quot;:&quot;0&quot;,&quot;credit&quot;:&quot;&quot;,&quot;camera&quot;:&quot;&quot;,&quot;caption&quot;:&quot;&quot;,&quot;created_timestamp&quot;:&quot;0&quot;,&quot;copyright&quot;:&quot;&quot;,&quot;focal_length&quot;:&quot;0&quot;,&quot;iso&quot;:&quot;0&quot;,&quot;shutter_speed&quot;:&quot;0&quot;,&quot;title&quot;:&quot;&quot;,&quot;orientation&quot;:&quot;0&quot;}\" data-image-title=\"P2 LFH\" data-image-description=\"\" data-image-caption=\"\" data-medium-file=\"https:\/\/i0.wp.com\/www.francoisdelahaie.fr\/wp-content\/uploads\/2020\/08\/P2-LFH.png?fit=300%2C225&amp;ssl=1\" data-large-file=\"https:\/\/i0.wp.com\/www.francoisdelahaie.fr\/wp-content\/uploads\/2020\/08\/P2-LFH.png?fit=800%2C600&amp;ssl=1\" class=\"wp-image-534\" style=\"width: 150px;\" src=\"https:\/\/i0.wp.com\/www.francoisdelahaie.fr\/wp-content\/uploads\/2020\/08\/P2-LFH.png?resize=150%2C113&#038;ssl=1\" alt=\"\" srcset=\"https:\/\/i0.wp.com\/www.francoisdelahaie.fr\/wp-content\/uploads\/2020\/08\/P2-LFH.png?w=800&amp;ssl=1 800w, https:\/\/i0.wp.com\/www.francoisdelahaie.fr\/wp-content\/uploads\/2020\/08\/P2-LFH.png?resize=300%2C225&amp;ssl=1 300w, https:\/\/i0.wp.com\/www.francoisdelahaie.fr\/wp-content\/uploads\/2020\/08\/P2-LFH.png?resize=768%2C576&amp;ssl=1 768w\" sizes=\"auto, (max-width: 150px) 100vw, 150px\" \/><\/a><\/td><td class=\"has-text-align-center\" data-align=\"center\"><a href=\"https:\/\/www.argenson-conseil.fr\/\" target=\"_blank\" rel=\"noreferrer noopener\"><img data-recalc-dims=\"1\" decoding=\"async\" class=\"wp-image-535\" style=\"width: 150px;\" src=\"https:\/\/i0.wp.com\/www.francoisdelahaie.fr\/wp-content\/uploads\/2021\/03\/logo-argenson-conseil.jpg?w=1200&#038;ssl=1\" alt=\"\"><\/a><\/td><\/tr><tr><td class=\"has-text-align-center\" data-align=\"center\"> Les consultants Optim&rsquo;Ressources sont experts en excellence op\u00e9rationnelle et excellence manag\u00e9riale, avec de fortes valeurs humaines.<\/td><td class=\"has-text-align-center\" data-align=\"center\"> Mathieu et G\u00e9rald , coach et \u00ab\u00a0change maker\u00a0\u00bb, accompagnent et forment les managers et leurs \u00e9quipes \u00e0 l&rsquo;agilit\u00e9 et \u00e0 l&rsquo;innovation manag\u00e9riale.<\/td><td class=\"has-text-align-center\" data-align=\"center\">Coach, Delphine accompagne et forme aux comp\u00e9tences \u00e9motionnelles des managers et collaborateurs.<\/td><\/tr><tr><td class=\"has-text-align-center\" data-align=\"center\"><a href=\"https:\/\/www.reuniologie.com\/\" target=\"_blank\" rel=\"noreferrer noopener\"><img data-recalc-dims=\"1\" decoding=\"async\" class=\"wp-image-536\" style=\"width: 150px;\" src=\"https:\/\/i0.wp.com\/www.francoisdelahaie.fr\/wp-content\/uploads\/2020\/08\/p4-reuniologie.png?w=1200&#038;ssl=1\" alt=\"\"><\/a><\/td><td class=\"has-text-align-center\" data-align=\"center\"><a href=\"https:\/\/pretextedecom.com\/\" target=\"_blank\" rel=\"noreferrer noopener\"><img data-recalc-dims=\"1\" decoding=\"async\" class=\"wp-image-537\" style=\"width: 150px;\" src=\"https:\/\/i0.wp.com\/www.francoisdelahaie.fr\/wp-content\/uploads\/2020\/08\/p5-nathalie.png?w=1200&#038;ssl=1\" alt=\"\"><\/a><\/td><td class=\"has-text-align-center\" data-align=\"center\"><a href=\"https:\/\/sansdetour.fr\/\" target=\"_blank\" rel=\"noreferrer noopener\"><img data-recalc-dims=\"1\" decoding=\"async\" class=\"wp-image-538\" style=\"width: 150px;\" src=\"https:\/\/i0.wp.com\/www.francoisdelahaie.fr\/wp-content\/uploads\/2020\/08\/P6-sans-detour.png?w=1200&#038;ssl=1\" alt=\"\"><\/a><\/td><\/tr><tr><td class=\"has-text-align-center\" data-align=\"center\">Louis \u00abr\u00e9pare les r\u00e9unions et<br>soigne la r\u00e9unionite\u00bb. Passionn\u00e9<br>par les bonnes r\u00e9unions, il<br>accompagne les organisations&nbsp;<br>qui d\u00e9cident de s\u2019int\u00e9resser \u00e0<br>leurs pratiques.<\/td><td class=\"has-text-align-center\" data-align=\"center\">Nathalie accompagne les organisations pour raconter leur histoire et mettre en valeur leur image.<\/td><td class=\"has-text-align-center\" data-align=\"center\">Maxime et Quentin utilisent les outils du th\u00e9\u00e2tre d&rsquo;improvisation pour former les collaborateurs et managers \u00e0 la communication corporelle.<\/td><\/tr><tr><td class=\"has-text-align-center\" data-align=\"center\"><\/td><td class=\"has-text-align-center\" data-align=\"center\"><\/td><td class=\"has-text-align-center\" data-align=\"center\"><\/td><\/tr><tr><td class=\"has-text-align-center\" data-align=\"center\"><\/td><td class=\"has-text-align-center\" data-align=\"center\"><\/td><td class=\"has-text-align-center\" data-align=\"center\"><\/td><\/tr><\/tbody><\/table><\/figure>\n<\/div><\/div>\n\n\n\n<p><\/p>\n","protected":false},"excerpt":{"rendered":"<p>Les consultants Optim&rsquo;Ressources sont experts en excellence op\u00e9rationnelle et excellence manag\u00e9riale, avec de fortes valeurs humaines. Mathieu et G\u00e9rald , coach et \u00ab\u00a0change maker\u00a0\u00bb, accompagnent et forment les managers et leurs \u00e9quipes \u00e0 l&rsquo;agilit\u00e9 et \u00e0 l&rsquo;innovation manag\u00e9riale. Coach, Delphine accompagne et forme aux comp\u00e9tences \u00e9motionnelles des managers et collaborateurs. Louis \u00abr\u00e9pare les r\u00e9unions etsoigne [&hellip;]<\/p>\n","protected":false},"author":1,"featured_media":0,"parent":0,"menu_order":0,"comment_status":"closed","ping_status":"closed","template":"","meta":{"ocean_post_layout":"","ocean_both_sidebars_style":"","ocean_both_sidebars_content_width":0,"ocean_both_sidebars_sidebars_width":0,"ocean_sidebar":"","ocean_second_sidebar":"","ocean_disable_margins":"enable","ocean_add_body_class":"","ocean_shortcode_before_top_bar":"","ocean_shortcode_after_top_bar":"","ocean_shortcode_before_header":"","ocean_shortcode_after_header":"","ocean_has_shortcode":"","ocean_shortcode_after_title":"","ocean_shortcode_before_footer_widgets":"","ocean_shortcode_after_footer_widgets":"","ocean_shortcode_before_footer_bottom":"","ocean_shortcode_after_footer_bottom":"","ocean_display_top_bar":"default","ocean_display_header":"default","ocean_header_style":"","ocean_center_header_left_menu":"","ocean_custom_header_template":"","ocean_custom_logo":0,"ocean_custom_retina_logo":0,"ocean_custom_logo_max_width":0,"ocean_custom_logo_tablet_max_width":0,"ocean_custom_logo_mobile_max_width":0,"ocean_custom_logo_max_height":0,"ocean_custom_logo_tablet_max_height":0,"ocean_custom_logo_mobile_max_height":0,"ocean_header_custom_menu":"","ocean_menu_typo_font_family":"","ocean_menu_typo_font_subset":"","ocean_menu_typo_font_size":0,"ocean_menu_typo_font_size_tablet":0,"ocean_menu_typo_font_size_mobile":0,"ocean_menu_typo_font_size_unit":"px","ocean_menu_typo_font_weight":"","ocean_menu_typo_font_weight_tablet":"","ocean_menu_typo_font_weight_mobile":"","ocean_menu_typo_transform":"","ocean_menu_typo_transform_tablet":"","ocean_menu_typo_transform_mobile":"","ocean_menu_typo_line_height":0,"ocean_menu_typo_line_height_tablet":0,"ocean_menu_typo_line_height_mobile":0,"ocean_menu_typo_line_height_unit":"","ocean_menu_typo_spacing":0,"ocean_menu_typo_spacing_tablet":0,"ocean_menu_typo_spacing_mobile":0,"ocean_menu_typo_spacing_unit":"","ocean_menu_link_color":"","ocean_menu_link_color_hover":"","ocean_menu_link_color_active":"","ocean_menu_link_background":"","ocean_menu_link_hover_background":"","ocean_menu_link_active_background":"","ocean_menu_social_links_bg":"","ocean_menu_social_hover_links_bg":"","ocean_menu_social_links_color":"","ocean_menu_social_hover_links_color":"","ocean_disable_title":"default","ocean_disable_heading":"default","ocean_post_title":"","ocean_post_subheading":"","ocean_post_title_style":"","ocean_post_title_background_color":"","ocean_post_title_background":0,"ocean_post_title_bg_image_position":"","ocean_post_title_bg_image_attachment":"","ocean_post_title_bg_image_repeat":"","ocean_post_title_bg_image_size":"","ocean_post_title_height":0,"ocean_post_title_bg_overlay":0.5,"ocean_post_title_bg_overlay_color":"","ocean_disable_breadcrumbs":"default","ocean_breadcrumbs_color":"","ocean_breadcrumbs_separator_color":"","ocean_breadcrumbs_links_color":"","ocean_breadcrumbs_links_hover_color":"","ocean_display_footer_widgets":"default","ocean_display_footer_bottom":"default","ocean_custom_footer_template":"","jetpack_post_was_ever_published":false,"footnotes":""},"class_list":["post-457","page","type-page","status-publish","hentry","entry"],"jetpack_sharing_enabled":true,"jetpack_shortlink":"https:\/\/wp.me\/PaCJF5-7n","_links":{"self":[{"href":"https:\/\/www.francoisdelahaie.fr\/index.php?rest_route=\/wp\/v2\/pages\/457","targetHints":{"allow":["GET"]}}],"collection":[{"href":"https:\/\/www.francoisdelahaie.fr\/index.php?rest_route=\/wp\/v2\/pages"}],"about":[{"href":"https:\/\/www.francoisdelahaie.fr\/index.php?rest_route=\/wp\/v2\/types\/page"}],"author":[{"embeddable":true,"href":"https:\/\/www.francoisdelahaie.fr\/index.php?rest_route=\/wp\/v2\/users\/1"}],"replies":[{"embeddable":true,"href":"https:\/\/www.francoisdelahaie.fr\/index.php?rest_route=%2Fwp%2Fv2%2Fcomments&post=457"}],"version-history":[{"count":27,"href":"https:\/\/www.francoisdelahaie.fr\/index.php?rest_route=\/wp\/v2\/pages\/457\/revisions"}],"predecessor-version":[{"id":626,"href":"https:\/\/www.francoisdelahaie.fr\/index.php?rest_route=\/wp\/v2\/pages\/457\/revisions\/626"}],"wp:attachment":[{"href":"https:\/\/www.francoisdelahaie.fr\/index.php?rest_route=%2Fwp%2Fv2%2Fmedia&parent=457"}],"curies":[{"name":"wp","href":"https:\/\/api.w.org\/{rel}","templated":true}]}}