{"id":46,"date":"2019-01-14T19:23:22","date_gmt":"2019-01-14T18:23:22","guid":{"rendered":"http:\/\/www.francoisdelahaie.fr\/?page_id=46"},"modified":"2019-01-14T19:23:22","modified_gmt":"2019-01-14T18:23:22","slug":"la-passion-du-dessin","status":"publish","type":"page","link":"https:\/\/www.francoisdelahaie.fr\/?page_id=46","title":{"rendered":"La passion du dessin"},"content":{"rendered":"\n<div class=\"wp-block-image\"><figure class=\"alignright is-resized\"><img data-recalc-dims=\"1\" loading=\"lazy\" decoding=\"async\" data-attachment-id=\"47\" data-permalink=\"https:\/\/www.francoisdelahaie.fr\/?attachment_id=47\" data-orig-file=\"https:\/\/i0.wp.com\/www.francoisdelahaie.fr\/wp-content\/uploads\/2019\/01\/P1410744-.jpg?fit=1000%2C832&amp;ssl=1\" data-orig-size=\"1000,832\" data-comments-opened=\"1\" data-image-meta=\"{&quot;aperture&quot;:&quot;4.5&quot;,&quot;credit&quot;:&quot;&quot;,&quot;camera&quot;:&quot;DMC-FZ38&quot;,&quot;caption&quot;:&quot;&quot;,&quot;created_timestamp&quot;:&quot;1511195046&quot;,&quot;copyright&quot;:&quot;&quot;,&quot;focal_length&quot;:&quot;4.8&quot;,&quot;iso&quot;:&quot;125&quot;,&quot;shutter_speed&quot;:&quot;0.033333333333333&quot;,&quot;title&quot;:&quot;&quot;,&quot;orientation&quot;:&quot;1&quot;}\" data-image-title=\"P1410744-\" data-image-description=\"\" data-image-caption=\"\" data-medium-file=\"https:\/\/i0.wp.com\/www.francoisdelahaie.fr\/wp-content\/uploads\/2019\/01\/P1410744-.jpg?fit=300%2C250&amp;ssl=1\" data-large-file=\"https:\/\/i0.wp.com\/www.francoisdelahaie.fr\/wp-content\/uploads\/2019\/01\/P1410744-.jpg?fit=1000%2C832&amp;ssl=1\" src=\"https:\/\/i0.wp.com\/www.francoisdelahaie.fr\/wp-content\/uploads\/2019\/01\/P1410744-.jpg?resize=301%2C250&#038;ssl=1\" alt=\"\" class=\"wp-image-47\" width=\"301\" height=\"250\" srcset=\"https:\/\/i0.wp.com\/www.francoisdelahaie.fr\/wp-content\/uploads\/2019\/01\/P1410744-.jpg?w=1000&amp;ssl=1 1000w, https:\/\/i0.wp.com\/www.francoisdelahaie.fr\/wp-content\/uploads\/2019\/01\/P1410744-.jpg?resize=300%2C250&amp;ssl=1 300w, https:\/\/i0.wp.com\/www.francoisdelahaie.fr\/wp-content\/uploads\/2019\/01\/P1410744-.jpg?resize=768%2C639&amp;ssl=1 768w\" sizes=\"auto, (max-width: 301px) 100vw, 301px\" \/><\/figure><\/div>\n\n\n\n<p>Je dessine depuis que je suis\nenfant. Un papier, un crayon, un trait et c\u2019est parti. Cette passion de rendre\nvisible, d\u2019ext\u00e9rioriser, de partager, est toujours vivante. j\u2019ai aim\u00e9 et j\u2019aime\nencore exp\u00e9rimenter de nouveaux outils, de nouvelles techniques, que ce soit\nsur papier ou sur \u00e9cran.<\/p>\n\n\n\n<p>J\u2019ai eu quelques occasions manqu\u00e9es d\u2019en faire mon m\u00e9tier. Je n\u2019ai pas \u00e9t\u00e9 form\u00e9 aux m\u00e9tiers du visuel, de la communication, de l\u2019infographie, mais j\u2019aime \u00e7a ! Ce qui m\u2019int\u00e9resse en particulier dans le dessin, c\u2019est la sensibilit\u00e9 du trait. C\u2019est ce c\u00f4t\u00e9 fragile et imparfait d\u2019une ligne qui se veut \u00eatre droite, qui donne l\u2019id\u00e9e de la rectitude, mais qui reste emprunte de l\u2019imperfection qui est le propre de notre humanit\u00e9. C\u2019est cette tentative de construire une image tout en montrant le cheminement qui passe par des erreurs, des approximations, des h\u00e9sitations, des tremblements\u2026 C\u2019est l\u2019\u00e9motion qui se d\u00e9gage de ces t\u00e2tonnements et qui les rend si int\u00e9ressants. <\/p>\n","protected":false},"excerpt":{"rendered":"<p>Je dessine depuis que je suis enfant. Un papier, un crayon, un trait et c\u2019est parti. Cette passion de rendre visible, d\u2019ext\u00e9rioriser, de partager, est toujours vivante. j\u2019ai aim\u00e9 et j\u2019aime encore exp\u00e9rimenter de nouveaux outils, de nouvelles techniques, que ce soit sur papier ou sur \u00e9cran. J\u2019ai eu quelques occasions manqu\u00e9es d\u2019en faire mon [&hellip;]<\/p>\n","protected":false},"author":1,"featured_media":0,"parent":0,"menu_order":0,"comment_status":"closed","ping_status":"closed","template":"","meta":{"ocean_post_layout":"","ocean_both_sidebars_style":"","ocean_both_sidebars_content_width":0,"ocean_both_sidebars_sidebars_width":0,"ocean_sidebar":"","ocean_second_sidebar":"","ocean_disable_margins":"enable","ocean_add_body_class":"","ocean_shortcode_before_top_bar":"","ocean_shortcode_after_top_bar":"","ocean_shortcode_before_header":"","ocean_shortcode_after_header":"","ocean_has_shortcode":"","ocean_shortcode_after_title":"","ocean_shortcode_before_footer_widgets":"","ocean_shortcode_after_footer_widgets":"","ocean_shortcode_before_footer_bottom":"","ocean_shortcode_after_footer_bottom":"","ocean_display_top_bar":"default","ocean_display_header":"default","ocean_header_style":"","ocean_center_header_left_menu":"","ocean_custom_header_template":"","ocean_custom_logo":0,"ocean_custom_retina_logo":0,"ocean_custom_logo_max_width":0,"ocean_custom_logo_tablet_max_width":0,"ocean_custom_logo_mobile_max_width":0,"ocean_custom_logo_max_height":0,"ocean_custom_logo_tablet_max_height":0,"ocean_custom_logo_mobile_max_height":0,"ocean_header_custom_menu":"","ocean_menu_typo_font_family":"","ocean_menu_typo_font_subset":"","ocean_menu_typo_font_size":0,"ocean_menu_typo_font_size_tablet":0,"ocean_menu_typo_font_size_mobile":0,"ocean_menu_typo_font_size_unit":"px","ocean_menu_typo_font_weight":"","ocean_menu_typo_font_weight_tablet":"","ocean_menu_typo_font_weight_mobile":"","ocean_menu_typo_transform":"","ocean_menu_typo_transform_tablet":"","ocean_menu_typo_transform_mobile":"","ocean_menu_typo_line_height":0,"ocean_menu_typo_line_height_tablet":0,"ocean_menu_typo_line_height_mobile":0,"ocean_menu_typo_line_height_unit":"","ocean_menu_typo_spacing":0,"ocean_menu_typo_spacing_tablet":0,"ocean_menu_typo_spacing_mobile":0,"ocean_menu_typo_spacing_unit":"","ocean_menu_link_color":"","ocean_menu_link_color_hover":"","ocean_menu_link_color_active":"","ocean_menu_link_background":"","ocean_menu_link_hover_background":"","ocean_menu_link_active_background":"","ocean_menu_social_links_bg":"","ocean_menu_social_hover_links_bg":"","ocean_menu_social_links_color":"","ocean_menu_social_hover_links_color":"","ocean_disable_title":"default","ocean_disable_heading":"default","ocean_post_title":"","ocean_post_subheading":"","ocean_post_title_style":"","ocean_post_title_background_color":"","ocean_post_title_background":0,"ocean_post_title_bg_image_position":"","ocean_post_title_bg_image_attachment":"","ocean_post_title_bg_image_repeat":"","ocean_post_title_bg_image_size":"","ocean_post_title_height":0,"ocean_post_title_bg_overlay":0.5,"ocean_post_title_bg_overlay_color":"","ocean_disable_breadcrumbs":"default","ocean_breadcrumbs_color":"","ocean_breadcrumbs_separator_color":"","ocean_breadcrumbs_links_color":"","ocean_breadcrumbs_links_hover_color":"","ocean_display_footer_widgets":"default","ocean_display_footer_bottom":"default","ocean_custom_footer_template":"","jetpack_post_was_ever_published":false,"footnotes":""},"class_list":["post-46","page","type-page","status-publish","hentry","entry"],"jetpack_sharing_enabled":true,"jetpack_shortlink":"https:\/\/wp.me\/PaCJF5-K","_links":{"self":[{"href":"https:\/\/www.francoisdelahaie.fr\/index.php?rest_route=\/wp\/v2\/pages\/46","targetHints":{"allow":["GET"]}}],"collection":[{"href":"https:\/\/www.francoisdelahaie.fr\/index.php?rest_route=\/wp\/v2\/pages"}],"about":[{"href":"https:\/\/www.francoisdelahaie.fr\/index.php?rest_route=\/wp\/v2\/types\/page"}],"author":[{"embeddable":true,"href":"https:\/\/www.francoisdelahaie.fr\/index.php?rest_route=\/wp\/v2\/users\/1"}],"replies":[{"embeddable":true,"href":"https:\/\/www.francoisdelahaie.fr\/index.php?rest_route=%2Fwp%2Fv2%2Fcomments&post=46"}],"version-history":[{"count":1,"href":"https:\/\/www.francoisdelahaie.fr\/index.php?rest_route=\/wp\/v2\/pages\/46\/revisions"}],"predecessor-version":[{"id":48,"href":"https:\/\/www.francoisdelahaie.fr\/index.php?rest_route=\/wp\/v2\/pages\/46\/revisions\/48"}],"wp:attachment":[{"href":"https:\/\/www.francoisdelahaie.fr\/index.php?rest_route=%2Fwp%2Fv2%2Fmedia&parent=46"}],"curies":[{"name":"wp","href":"https:\/\/api.w.org\/{rel}","templated":true}]}}