{"id":50,"date":"2019-01-14T19:38:24","date_gmt":"2019-01-14T18:38:24","guid":{"rendered":"http:\/\/www.francoisdelahaie.fr\/?page_id=50"},"modified":"2025-03-18T12:59:13","modified_gmt":"2025-03-18T11:59:13","slug":"un-seminaire","status":"publish","type":"page","link":"https:\/\/www.francoisdelahaie.fr\/?page_id=50","title":{"rendered":"S\u00e9minaire, atelier, r\u00e9union,&#8230; la facilitation graphique ?"},"content":{"rendered":"\n<figure class=\"wp-block-image size-large\"><img data-recalc-dims=\"1\" loading=\"lazy\" decoding=\"async\" width=\"1024\" height=\"724\" data-attachment-id=\"1137\" data-permalink=\"https:\/\/www.francoisdelahaie.fr\/?attachment_id=1137\" data-orig-file=\"https:\/\/i0.wp.com\/www.francoisdelahaie.fr\/wp-content\/uploads\/2025\/03\/planche-ABC--scaled.jpg?fit=2560%2C1811&amp;ssl=1\" data-orig-size=\"2560,1811\" data-comments-opened=\"1\" data-image-meta=\"{&quot;aperture&quot;:&quot;0&quot;,&quot;credit&quot;:&quot;&quot;,&quot;camera&quot;:&quot;&quot;,&quot;caption&quot;:&quot;&quot;,&quot;created_timestamp&quot;:&quot;0&quot;,&quot;copyright&quot;:&quot;&quot;,&quot;focal_length&quot;:&quot;0&quot;,&quot;iso&quot;:&quot;0&quot;,&quot;shutter_speed&quot;:&quot;0&quot;,&quot;title&quot;:&quot;&quot;,&quot;orientation&quot;:&quot;0&quot;}\" data-image-title=\"Avantages et B\u00e9n\u00e9fices de la facilitation graphique\" data-image-description=\"\" data-image-caption=\"\" data-medium-file=\"https:\/\/i0.wp.com\/www.francoisdelahaie.fr\/wp-content\/uploads\/2025\/03\/planche-ABC--scaled.jpg?fit=300%2C212&amp;ssl=1\" data-large-file=\"https:\/\/i0.wp.com\/www.francoisdelahaie.fr\/wp-content\/uploads\/2025\/03\/planche-ABC--scaled.jpg?fit=1024%2C724&amp;ssl=1\" src=\"https:\/\/i0.wp.com\/www.francoisdelahaie.fr\/wp-content\/uploads\/2025\/03\/planche-ABC-.jpg?resize=1024%2C724&#038;ssl=1\" alt=\"Avantages et B\u00e9n\u00e9fices de la facilitation graphique\" class=\"wp-image-1137\" srcset=\"https:\/\/i0.wp.com\/www.francoisdelahaie.fr\/wp-content\/uploads\/2025\/03\/planche-ABC--scaled.jpg?resize=1024%2C724&amp;ssl=1 1024w, https:\/\/i0.wp.com\/www.francoisdelahaie.fr\/wp-content\/uploads\/2025\/03\/planche-ABC--scaled.jpg?resize=300%2C212&amp;ssl=1 300w, https:\/\/i0.wp.com\/www.francoisdelahaie.fr\/wp-content\/uploads\/2025\/03\/planche-ABC--scaled.jpg?resize=768%2C543&amp;ssl=1 768w, https:\/\/i0.wp.com\/www.francoisdelahaie.fr\/wp-content\/uploads\/2025\/03\/planche-ABC--scaled.jpg?resize=1536%2C1086&amp;ssl=1 1536w, https:\/\/i0.wp.com\/www.francoisdelahaie.fr\/wp-content\/uploads\/2025\/03\/planche-ABC--scaled.jpg?resize=2048%2C1448&amp;ssl=1 2048w, https:\/\/i0.wp.com\/www.francoisdelahaie.fr\/wp-content\/uploads\/2025\/03\/planche-ABC--scaled.jpg?w=2400&amp;ssl=1 2400w\" sizes=\"auto, (max-width: 1024px) 100vw, 1024px\" \/><\/figure>\n\n\n\n<p>Vous avez besoin de renforcer l\u2019attention des participants, de rendre la m\u00e9morisation plus efficace, de garder une trace sensible, color\u00e9e, synth\u00e9tique et commune des \u00e9changes, des id\u00e9es, des d\u00e9cisions. Mes marqueurs ou ma tablette graphique, ainsi que mes traits, lignes et couleurs sont au service de l\u2019intention du groupe. Une pr\u00e9paration conjointe, avec identification des objectifs, des enjeux et des probl\u00e9matiques, permet de cibler le type d\u2019intervention selon les s\u00e9quences.<\/p>\n\n\n\n<h2 class=\"wp-block-heading\" id=\"scribing-enregistrement-visuel-graphic-recording\"><a href=\"https:\/\/www.francoisdelahaie.fr\/?page_id=90\">Scribing <\/a>(enregistrement visuel, graphic recording)<\/h2>\n\n\n\n<figure class=\"wp-block-image size-large\"><a href=\"https:\/\/i0.wp.com\/www.francoisdelahaie.fr\/wp-content\/uploads\/2025\/03\/202403FRESQUE-veyle-scaled.jpg?ssl=1\" target=\"_blank\" rel=\"noreferrer noopener\"><img data-recalc-dims=\"1\" loading=\"lazy\" decoding=\"async\" width=\"1024\" height=\"493\" data-attachment-id=\"1092\" data-permalink=\"https:\/\/www.francoisdelahaie.fr\/?attachment_id=1092\" data-orig-file=\"https:\/\/i0.wp.com\/www.francoisdelahaie.fr\/wp-content\/uploads\/2025\/03\/202403FRESQUE-veyle-scaled.jpg?fit=2560%2C1232&amp;ssl=1\" data-orig-size=\"2560,1232\" data-comments-opened=\"1\" data-image-meta=\"{&quot;aperture&quot;:&quot;0&quot;,&quot;credit&quot;:&quot;&quot;,&quot;camera&quot;:&quot;&quot;,&quot;caption&quot;:&quot;&quot;,&quot;created_timestamp&quot;:&quot;0&quot;,&quot;copyright&quot;:&quot;&quot;,&quot;focal_length&quot;:&quot;0&quot;,&quot;iso&quot;:&quot;0&quot;,&quot;shutter_speed&quot;:&quot;0&quot;,&quot;title&quot;:&quot;&quot;,&quot;orientation&quot;:&quot;1&quot;}\" data-image-title=\"202403FRESQUE veyle\" data-image-description=\"\" data-image-caption=\"\" data-medium-file=\"https:\/\/i0.wp.com\/www.francoisdelahaie.fr\/wp-content\/uploads\/2025\/03\/202403FRESQUE-veyle-scaled.jpg?fit=300%2C144&amp;ssl=1\" data-large-file=\"https:\/\/i0.wp.com\/www.francoisdelahaie.fr\/wp-content\/uploads\/2025\/03\/202403FRESQUE-veyle-scaled.jpg?fit=1024%2C493&amp;ssl=1\" src=\"https:\/\/i0.wp.com\/www.francoisdelahaie.fr\/wp-content\/uploads\/2025\/03\/202403FRESQUE-veyle.jpg?resize=1024%2C493&#038;ssl=1\" alt=\"\" class=\"wp-image-1092\" srcset=\"https:\/\/i0.wp.com\/www.francoisdelahaie.fr\/wp-content\/uploads\/2025\/03\/202403FRESQUE-veyle-scaled.jpg?resize=1024%2C493&amp;ssl=1 1024w, https:\/\/i0.wp.com\/www.francoisdelahaie.fr\/wp-content\/uploads\/2025\/03\/202403FRESQUE-veyle-scaled.jpg?resize=300%2C144&amp;ssl=1 300w, https:\/\/i0.wp.com\/www.francoisdelahaie.fr\/wp-content\/uploads\/2025\/03\/202403FRESQUE-veyle-scaled.jpg?resize=768%2C370&amp;ssl=1 768w, https:\/\/i0.wp.com\/www.francoisdelahaie.fr\/wp-content\/uploads\/2025\/03\/202403FRESQUE-veyle-scaled.jpg?resize=1536%2C739&amp;ssl=1 1536w, https:\/\/i0.wp.com\/www.francoisdelahaie.fr\/wp-content\/uploads\/2025\/03\/202403FRESQUE-veyle-scaled.jpg?resize=2048%2C986&amp;ssl=1 2048w, https:\/\/i0.wp.com\/www.francoisdelahaie.fr\/wp-content\/uploads\/2025\/03\/202403FRESQUE-veyle-scaled.jpg?w=2400&amp;ssl=1 2400w\" sizes=\"auto, (max-width: 1024px) 100vw, 1024px\" \/><\/a><figcaption class=\"wp-element-caption\">Exemple de fresque de synth\u00e8se r\u00e9alis\u00e9e sur un atelier d&rsquo;une journ\u00e9e environ (hauteur 1m40 x largeur 3m)<\/figcaption><\/figure>\n\n\n\n<p>Je produis un visuel visible par le groupe au fur et \u00e0 mesure de sa r\u00e9alisation en m\u00eame temps que le d\u00e9roulement de la s\u00e9quence de travail. Je travaille sur papier kraft brun ou blanc, feuilles Canson ou sur carton plume de hauteur 1m \u00e0 1,5m. La largeur d\u00e9pend de la dur\u00e9e de la s\u00e9quence et de la densit\u00e9 d\u2019information.<\/p>\n\n\n\n<h2 class=\"wp-block-heading\" id=\"sketchnoting\"><a href=\"https:\/\/www.francoisdelahaie.fr\/?page_id=103\">Sketchnoting<\/a><\/h2>\n\n\n\n<figure class=\"wp-block-image size-large\"><a href=\"https:\/\/i0.wp.com\/www.francoisdelahaie.fr\/wp-content\/uploads\/2025\/03\/2024-10-LA-ROCHE-AUTO-DET.jpg?ssl=1\" target=\"_blank\" rel=\"noreferrer noopener\"><img data-recalc-dims=\"1\" loading=\"lazy\" decoding=\"async\" width=\"1024\" height=\"768\" data-attachment-id=\"1094\" data-permalink=\"https:\/\/www.francoisdelahaie.fr\/?attachment_id=1094\" data-orig-file=\"https:\/\/i0.wp.com\/www.francoisdelahaie.fr\/wp-content\/uploads\/2025\/03\/2024-10-LA-ROCHE-AUTO-DET.jpg?fit=1299%2C974&amp;ssl=1\" data-orig-size=\"1299,974\" data-comments-opened=\"1\" data-image-meta=\"{&quot;aperture&quot;:&quot;0&quot;,&quot;credit&quot;:&quot;&quot;,&quot;camera&quot;:&quot;&quot;,&quot;caption&quot;:&quot;&quot;,&quot;created_timestamp&quot;:&quot;0&quot;,&quot;copyright&quot;:&quot;&quot;,&quot;focal_length&quot;:&quot;0&quot;,&quot;iso&quot;:&quot;0&quot;,&quot;shutter_speed&quot;:&quot;0&quot;,&quot;title&quot;:&quot;&quot;,&quot;orientation&quot;:&quot;1&quot;}\" data-image-title=\"2024 10 LA ROCHE AUTO DET\" data-image-description=\"\" data-image-caption=\"\" data-medium-file=\"https:\/\/i0.wp.com\/www.francoisdelahaie.fr\/wp-content\/uploads\/2025\/03\/2024-10-LA-ROCHE-AUTO-DET.jpg?fit=300%2C225&amp;ssl=1\" data-large-file=\"https:\/\/i0.wp.com\/www.francoisdelahaie.fr\/wp-content\/uploads\/2025\/03\/2024-10-LA-ROCHE-AUTO-DET.jpg?fit=1024%2C768&amp;ssl=1\" src=\"https:\/\/i0.wp.com\/www.francoisdelahaie.fr\/wp-content\/uploads\/2025\/03\/2024-10-LA-ROCHE-AUTO-DET.jpg?resize=1024%2C768&#038;ssl=1\" alt=\"\" class=\"wp-image-1094\" srcset=\"https:\/\/i0.wp.com\/www.francoisdelahaie.fr\/wp-content\/uploads\/2025\/03\/2024-10-LA-ROCHE-AUTO-DET.jpg?resize=1024%2C768&amp;ssl=1 1024w, https:\/\/i0.wp.com\/www.francoisdelahaie.fr\/wp-content\/uploads\/2025\/03\/2024-10-LA-ROCHE-AUTO-DET.jpg?resize=300%2C225&amp;ssl=1 300w, https:\/\/i0.wp.com\/www.francoisdelahaie.fr\/wp-content\/uploads\/2025\/03\/2024-10-LA-ROCHE-AUTO-DET.jpg?resize=768%2C576&amp;ssl=1 768w, https:\/\/i0.wp.com\/www.francoisdelahaie.fr\/wp-content\/uploads\/2025\/03\/2024-10-LA-ROCHE-AUTO-DET.jpg?w=1299&amp;ssl=1 1299w\" sizes=\"auto, (max-width: 1024px) 100vw, 1024px\" \/><\/a><\/figure>\n\n\n\n<p>Lorsque je vais en r\u00e9union, que je suis une formation ou tout autre \u00e9v\u00e9nement pour lequel je prends des notes, je le fais de fa\u00e7on visuelle. Cela permet d\u2019avoir une vision non lin\u00e9aire, color\u00e9e et synth\u00e9tique de ce que j\u2019ai capt\u00e9. Le processus est semblable au scribing mais en petite dimension ( papier 200g\/m\u00b2 format A3 ou A4 ou tablette graphique).<\/p>\n\n\n\n<h2 class=\"wp-block-heading\" id=\"capture-d-ambiance\"><a href=\"https:\/\/www.francoisdelahaie.fr\/?page_id=119\">Capture d\u2019ambiance<\/a><\/h2>\n\n\n\n<p>Lors de travaux en petits groupes, et pour avoir un \u00ab&nbsp;instantan\u00e9&nbsp;\u00bb du v\u00e9cu du groupe, je r\u00e9alise une capture en croquant les participants et en associant quelques phrases ou mots cl\u00e9s, avant de passer au groupe suivant. Je travaille alors en petit format A3 ou A4 sur papier 200g\/m\u00b2 minimum<\/p>\n\n\n\n<figure class=\"wp-block-image size-large\"><a href=\"https:\/\/i0.wp.com\/www.francoisdelahaie.fr\/wp-content\/uploads\/2025\/03\/14_ATELIER_ACTIONS.jpg?ssl=1\" target=\"_blank\" rel=\"noreferrer noopener\"><img data-recalc-dims=\"1\" loading=\"lazy\" decoding=\"async\" width=\"1024\" height=\"768\" data-attachment-id=\"1095\" data-permalink=\"https:\/\/www.francoisdelahaie.fr\/?attachment_id=1095\" data-orig-file=\"https:\/\/i0.wp.com\/www.francoisdelahaie.fr\/wp-content\/uploads\/2025\/03\/14_ATELIER_ACTIONS.jpg?fit=1299%2C974&amp;ssl=1\" data-orig-size=\"1299,974\" data-comments-opened=\"1\" data-image-meta=\"{&quot;aperture&quot;:&quot;0&quot;,&quot;credit&quot;:&quot;&quot;,&quot;camera&quot;:&quot;&quot;,&quot;caption&quot;:&quot;&quot;,&quot;created_timestamp&quot;:&quot;0&quot;,&quot;copyright&quot;:&quot;&quot;,&quot;focal_length&quot;:&quot;0&quot;,&quot;iso&quot;:&quot;0&quot;,&quot;shutter_speed&quot;:&quot;0&quot;,&quot;title&quot;:&quot;&quot;,&quot;orientation&quot;:&quot;1&quot;}\" data-image-title=\"14_ATELIER_ACTIONS\" data-image-description=\"\" data-image-caption=\"\" data-medium-file=\"https:\/\/i0.wp.com\/www.francoisdelahaie.fr\/wp-content\/uploads\/2025\/03\/14_ATELIER_ACTIONS.jpg?fit=300%2C225&amp;ssl=1\" data-large-file=\"https:\/\/i0.wp.com\/www.francoisdelahaie.fr\/wp-content\/uploads\/2025\/03\/14_ATELIER_ACTIONS.jpg?fit=1024%2C768&amp;ssl=1\" src=\"https:\/\/i0.wp.com\/www.francoisdelahaie.fr\/wp-content\/uploads\/2025\/03\/14_ATELIER_ACTIONS.jpg?resize=1024%2C768&#038;ssl=1\" alt=\"\" class=\"wp-image-1095\" srcset=\"https:\/\/i0.wp.com\/www.francoisdelahaie.fr\/wp-content\/uploads\/2025\/03\/14_ATELIER_ACTIONS.jpg?resize=1024%2C768&amp;ssl=1 1024w, https:\/\/i0.wp.com\/www.francoisdelahaie.fr\/wp-content\/uploads\/2025\/03\/14_ATELIER_ACTIONS.jpg?resize=300%2C225&amp;ssl=1 300w, https:\/\/i0.wp.com\/www.francoisdelahaie.fr\/wp-content\/uploads\/2025\/03\/14_ATELIER_ACTIONS.jpg?resize=768%2C576&amp;ssl=1 768w, https:\/\/i0.wp.com\/www.francoisdelahaie.fr\/wp-content\/uploads\/2025\/03\/14_ATELIER_ACTIONS.jpg?w=1299&amp;ssl=1 1299w\" sizes=\"auto, (max-width: 1024px) 100vw, 1024px\" \/><\/a><\/figure>\n","protected":false},"excerpt":{"rendered":"<p>Vous avez besoin de renforcer l\u2019attention des participants, de rendre la m\u00e9morisation plus efficace, de garder une trace sensible, color\u00e9e, synth\u00e9tique et commune des \u00e9changes, des id\u00e9es, des d\u00e9cisions. Mes marqueurs ou ma tablette graphique, ainsi que mes traits, lignes et couleurs sont au service de l\u2019intention du groupe. Une pr\u00e9paration conjointe, avec identification des [&hellip;]<\/p>\n","protected":false},"author":1,"featured_media":0,"parent":0,"menu_order":0,"comment_status":"closed","ping_status":"closed","template":"","meta":{"ocean_post_layout":"","ocean_both_sidebars_style":"","ocean_both_sidebars_content_width":0,"ocean_both_sidebars_sidebars_width":0,"ocean_sidebar":"","ocean_second_sidebar":"","ocean_disable_margins":"enable","ocean_add_body_class":"","ocean_shortcode_before_top_bar":"","ocean_shortcode_after_top_bar":"","ocean_shortcode_before_header":"","ocean_shortcode_after_header":"","ocean_has_shortcode":"","ocean_shortcode_after_title":"","ocean_shortcode_before_footer_widgets":"","ocean_shortcode_after_footer_widgets":"","ocean_shortcode_before_footer_bottom":"","ocean_shortcode_after_footer_bottom":"","ocean_display_top_bar":"default","ocean_display_header":"default","ocean_header_style":"","ocean_center_header_left_menu":"","ocean_custom_header_template":"","ocean_custom_logo":0,"ocean_custom_retina_logo":0,"ocean_custom_logo_max_width":0,"ocean_custom_logo_tablet_max_width":0,"ocean_custom_logo_mobile_max_width":0,"ocean_custom_logo_max_height":0,"ocean_custom_logo_tablet_max_height":0,"ocean_custom_logo_mobile_max_height":0,"ocean_header_custom_menu":"","ocean_menu_typo_font_family":"","ocean_menu_typo_font_subset":"","ocean_menu_typo_font_size":0,"ocean_menu_typo_font_size_tablet":0,"ocean_menu_typo_font_size_mobile":0,"ocean_menu_typo_font_size_unit":"px","ocean_menu_typo_font_weight":"","ocean_menu_typo_font_weight_tablet":"","ocean_menu_typo_font_weight_mobile":"","ocean_menu_typo_transform":"","ocean_menu_typo_transform_tablet":"","ocean_menu_typo_transform_mobile":"","ocean_menu_typo_line_height":0,"ocean_menu_typo_line_height_tablet":0,"ocean_menu_typo_line_height_mobile":0,"ocean_menu_typo_line_height_unit":"","ocean_menu_typo_spacing":0,"ocean_menu_typo_spacing_tablet":0,"ocean_menu_typo_spacing_mobile":0,"ocean_menu_typo_spacing_unit":"","ocean_menu_link_color":"","ocean_menu_link_color_hover":"","ocean_menu_link_color_active":"","ocean_menu_link_background":"","ocean_menu_link_hover_background":"","ocean_menu_link_active_background":"","ocean_menu_social_links_bg":"","ocean_menu_social_hover_links_bg":"","ocean_menu_social_links_color":"","ocean_menu_social_hover_links_color":"","ocean_disable_title":"default","ocean_disable_heading":"default","ocean_post_title":"","ocean_post_subheading":"","ocean_post_title_style":"","ocean_post_title_background_color":"","ocean_post_title_background":0,"ocean_post_title_bg_image_position":"","ocean_post_title_bg_image_attachment":"","ocean_post_title_bg_image_repeat":"","ocean_post_title_bg_image_size":"","ocean_post_title_height":0,"ocean_post_title_bg_overlay":0.5,"ocean_post_title_bg_overlay_color":"","ocean_disable_breadcrumbs":"default","ocean_breadcrumbs_color":"","ocean_breadcrumbs_separator_color":"","ocean_breadcrumbs_links_color":"","ocean_breadcrumbs_links_hover_color":"","ocean_display_footer_widgets":"default","ocean_display_footer_bottom":"default","ocean_custom_footer_template":"","jetpack_post_was_ever_published":false,"footnotes":""},"class_list":["post-50","page","type-page","status-publish","hentry","entry"],"jetpack_sharing_enabled":true,"jetpack_shortlink":"https:\/\/wp.me\/PaCJF5-O","_links":{"self":[{"href":"https:\/\/www.francoisdelahaie.fr\/index.php?rest_route=\/wp\/v2\/pages\/50","targetHints":{"allow":["GET"]}}],"collection":[{"href":"https:\/\/www.francoisdelahaie.fr\/index.php?rest_route=\/wp\/v2\/pages"}],"about":[{"href":"https:\/\/www.francoisdelahaie.fr\/index.php?rest_route=\/wp\/v2\/types\/page"}],"author":[{"embeddable":true,"href":"https:\/\/www.francoisdelahaie.fr\/index.php?rest_route=\/wp\/v2\/users\/1"}],"replies":[{"embeddable":true,"href":"https:\/\/www.francoisdelahaie.fr\/index.php?rest_route=%2Fwp%2Fv2%2Fcomments&post=50"}],"version-history":[{"count":14,"href":"https:\/\/www.francoisdelahaie.fr\/index.php?rest_route=\/wp\/v2\/pages\/50\/revisions"}],"predecessor-version":[{"id":1140,"href":"https:\/\/www.francoisdelahaie.fr\/index.php?rest_route=\/wp\/v2\/pages\/50\/revisions\/1140"}],"wp:attachment":[{"href":"https:\/\/www.francoisdelahaie.fr\/index.php?rest_route=%2Fwp%2Fv2%2Fmedia&parent=50"}],"curies":[{"name":"wp","href":"https:\/\/api.w.org\/{rel}","templated":true}]}}