{"id":8,"date":"2019-01-14T19:06:31","date_gmt":"2019-01-14T18:06:31","guid":{"rendered":"http:\/\/www.francoisdelahaie.fr\/?page_id=8"},"modified":"2022-01-31T14:37:24","modified_gmt":"2022-01-31T13:37:24","slug":"accueil","status":"publish","type":"page","link":"https:\/\/www.francoisdelahaie.fr\/?page_id=8","title":{"rendered":"Crocoscribe et la facilitation graphique !!?&#8230;"},"content":{"rendered":"\n<div class=\"wp-block-image\"><figure class=\"alignright is-resized\"><img data-recalc-dims=\"1\" loading=\"lazy\" decoding=\"async\" data-attachment-id=\"32\" data-permalink=\"https:\/\/www.francoisdelahaie.fr\/?attachment_id=32\" data-orig-file=\"https:\/\/i0.wp.com\/www.francoisdelahaie.fr\/wp-content\/uploads\/2019\/01\/P1410743-.jpg?fit=1000%2C622&amp;ssl=1\" data-orig-size=\"1000,622\" data-comments-opened=\"1\" data-image-meta=\"{&quot;aperture&quot;:&quot;4.5&quot;,&quot;credit&quot;:&quot;&quot;,&quot;camera&quot;:&quot;DMC-FZ38&quot;,&quot;caption&quot;:&quot;&quot;,&quot;created_timestamp&quot;:&quot;1511195033&quot;,&quot;copyright&quot;:&quot;&quot;,&quot;focal_length&quot;:&quot;4.8&quot;,&quot;iso&quot;:&quot;125&quot;,&quot;shutter_speed&quot;:&quot;0.033333333333333&quot;,&quot;title&quot;:&quot;&quot;,&quot;orientation&quot;:&quot;1&quot;}\" data-image-title=\"P1410743-\" data-image-description=\"\" data-image-caption=\"\" data-medium-file=\"https:\/\/i0.wp.com\/www.francoisdelahaie.fr\/wp-content\/uploads\/2019\/01\/P1410743-.jpg?fit=300%2C187&amp;ssl=1\" data-large-file=\"https:\/\/i0.wp.com\/www.francoisdelahaie.fr\/wp-content\/uploads\/2019\/01\/P1410743-.jpg?fit=1000%2C622&amp;ssl=1\" src=\"https:\/\/i0.wp.com\/www.francoisdelahaie.fr\/wp-content\/uploads\/2019\/01\/P1410743-.jpg?resize=344%2C214&#038;ssl=1\" alt=\"\" class=\"wp-image-32\" width=\"344\" height=\"214\" srcset=\"https:\/\/i0.wp.com\/www.francoisdelahaie.fr\/wp-content\/uploads\/2019\/01\/P1410743-.jpg?w=1000&amp;ssl=1 1000w, https:\/\/i0.wp.com\/www.francoisdelahaie.fr\/wp-content\/uploads\/2019\/01\/P1410743-.jpg?resize=300%2C187&amp;ssl=1 300w, https:\/\/i0.wp.com\/www.francoisdelahaie.fr\/wp-content\/uploads\/2019\/01\/P1410743-.jpg?resize=768%2C478&amp;ssl=1 768w\" sizes=\"auto, (max-width: 344px) 100vw, 344px\" \/><\/figure><\/div>\n\n\n\n<p>Le crocodile symbolise le cerveau dit reptilien. Cette partie de notre cerveau \u00ab\u00a0archa\u00efque\u00a0\u00bb se pr\u00e9occuperait, entre autres, de la survie \u00e0 court terme. Symboliquement, c&rsquo;est ce \u00ab\u00a0crocodile\u00a0\u00bb interne qui envoie des signaux qui permettent de r\u00e9agir rapidement. S&rsquo;il se sent en danger, il nous alerte par la peur ou la col\u00e8re ou la tristesse&#8230; (Cf le concept de logique \u00e9motionnelle &#8211;&nbsp; Catherine Aimelet-P\u00e9rissol)<\/p>\n\n\n\n<p>Dans mes interventions, l&rsquo;\u00e9motion est importante, non seulement car elle permet \u00e0 des participants de mieux se rappeler ce qui s&rsquo;est pass\u00e9, mais aussi parce qu&rsquo;elle constitue le premier niveau d&rsquo;\u00e9coute.<\/p>\n\n\n\n<p>Au-del\u00e0 de ce symbole, ce qui est important, c&rsquo;est de me connecter \u00e0 mes \u00e9motions pour m&rsquo;aider \u00e0 percevoir et \u00e9clairer ce qui se passe au fond de moi. Cette \u00e9coute primordiale me permet ensuite de donner de l&rsquo;attention \u00e0 ce qui se passe autour de moi. Etre connect\u00e9 \u00e0 mes \u00e9motions et \u00e0 ce que je ressens, c&rsquo;est \u00eatre pleinement pr\u00e9sent ici et maintenant afin d&rsquo;\u00eatre pr\u00eat \u00e0 \u00e9couter le groupe au service duquel je suis.<\/p>\n\n\n\n<p>Ensuite le scribe synth\u00e9tise, transpose, organise, retranscrit&#8230; sous forme de scribing&#8230;<\/p>\n","protected":false},"excerpt":{"rendered":"<p>Le crocodile symbolise le cerveau dit reptilien. Cette partie de notre cerveau \u00ab\u00a0archa\u00efque\u00a0\u00bb se pr\u00e9occuperait, entre autres, de la survie \u00e0 court terme. Symboliquement, c&rsquo;est ce \u00ab\u00a0crocodile\u00a0\u00bb interne qui envoie des signaux qui permettent de r\u00e9agir rapidement. S&rsquo;il se sent en danger, il nous alerte par la peur ou la col\u00e8re ou la tristesse&#8230; (Cf [&hellip;]<\/p>\n","protected":false},"author":1,"featured_media":0,"parent":0,"menu_order":0,"comment_status":"closed","ping_status":"closed","template":"","meta":{"ocean_post_layout":"","ocean_both_sidebars_style":"","ocean_both_sidebars_content_width":0,"ocean_both_sidebars_sidebars_width":0,"ocean_sidebar":"","ocean_second_sidebar":"","ocean_disable_margins":"enable","ocean_add_body_class":"","ocean_shortcode_before_top_bar":"","ocean_shortcode_after_top_bar":"","ocean_shortcode_before_header":"","ocean_shortcode_after_header":"","ocean_has_shortcode":"","ocean_shortcode_after_title":"","ocean_shortcode_before_footer_widgets":"","ocean_shortcode_after_footer_widgets":"","ocean_shortcode_before_footer_bottom":"","ocean_shortcode_after_footer_bottom":"","ocean_display_top_bar":"default","ocean_display_header":"default","ocean_header_style":"","ocean_center_header_left_menu":"","ocean_custom_header_template":"","ocean_custom_logo":0,"ocean_custom_retina_logo":0,"ocean_custom_logo_max_width":0,"ocean_custom_logo_tablet_max_width":0,"ocean_custom_logo_mobile_max_width":0,"ocean_custom_logo_max_height":0,"ocean_custom_logo_tablet_max_height":0,"ocean_custom_logo_mobile_max_height":0,"ocean_header_custom_menu":"","ocean_menu_typo_font_family":"","ocean_menu_typo_font_subset":"","ocean_menu_typo_font_size":0,"ocean_menu_typo_font_size_tablet":0,"ocean_menu_typo_font_size_mobile":0,"ocean_menu_typo_font_size_unit":"px","ocean_menu_typo_font_weight":"","ocean_menu_typo_font_weight_tablet":"","ocean_menu_typo_font_weight_mobile":"","ocean_menu_typo_transform":"","ocean_menu_typo_transform_tablet":"","ocean_menu_typo_transform_mobile":"","ocean_menu_typo_line_height":0,"ocean_menu_typo_line_height_tablet":0,"ocean_menu_typo_line_height_mobile":0,"ocean_menu_typo_line_height_unit":"","ocean_menu_typo_spacing":0,"ocean_menu_typo_spacing_tablet":0,"ocean_menu_typo_spacing_mobile":0,"ocean_menu_typo_spacing_unit":"","ocean_menu_link_color":"","ocean_menu_link_color_hover":"","ocean_menu_link_color_active":"","ocean_menu_link_background":"","ocean_menu_link_hover_background":"","ocean_menu_link_active_background":"","ocean_menu_social_links_bg":"","ocean_menu_social_hover_links_bg":"","ocean_menu_social_links_color":"","ocean_menu_social_hover_links_color":"","ocean_disable_title":"default","ocean_disable_heading":"default","ocean_post_title":"","ocean_post_subheading":"","ocean_post_title_style":"","ocean_post_title_background_color":"","ocean_post_title_background":0,"ocean_post_title_bg_image_position":"","ocean_post_title_bg_image_attachment":"","ocean_post_title_bg_image_repeat":"","ocean_post_title_bg_image_size":"","ocean_post_title_height":0,"ocean_post_title_bg_overlay":0.5,"ocean_post_title_bg_overlay_color":"","ocean_disable_breadcrumbs":"default","ocean_breadcrumbs_color":"","ocean_breadcrumbs_separator_color":"","ocean_breadcrumbs_links_color":"","ocean_breadcrumbs_links_hover_color":"","ocean_display_footer_widgets":"default","ocean_display_footer_bottom":"default","ocean_custom_footer_template":"","jetpack_post_was_ever_published":false,"footnotes":""},"class_list":["post-8","page","type-page","status-publish","hentry","entry"],"jetpack_sharing_enabled":true,"jetpack_shortlink":"https:\/\/wp.me\/PaCJF5-8","_links":{"self":[{"href":"https:\/\/www.francoisdelahaie.fr\/index.php?rest_route=\/wp\/v2\/pages\/8","targetHints":{"allow":["GET"]}}],"collection":[{"href":"https:\/\/www.francoisdelahaie.fr\/index.php?rest_route=\/wp\/v2\/pages"}],"about":[{"href":"https:\/\/www.francoisdelahaie.fr\/index.php?rest_route=\/wp\/v2\/types\/page"}],"author":[{"embeddable":true,"href":"https:\/\/www.francoisdelahaie.fr\/index.php?rest_route=\/wp\/v2\/users\/1"}],"replies":[{"embeddable":true,"href":"https:\/\/www.francoisdelahaie.fr\/index.php?rest_route=%2Fwp%2Fv2%2Fcomments&post=8"}],"version-history":[{"count":7,"href":"https:\/\/www.francoisdelahaie.fr\/index.php?rest_route=\/wp\/v2\/pages\/8\/revisions"}],"predecessor-version":[{"id":669,"href":"https:\/\/www.francoisdelahaie.fr\/index.php?rest_route=\/wp\/v2\/pages\/8\/revisions\/669"}],"wp:attachment":[{"href":"https:\/\/www.francoisdelahaie.fr\/index.php?rest_route=%2Fwp%2Fv2%2Fmedia&parent=8"}],"curies":[{"name":"wp","href":"https:\/\/api.w.org\/{rel}","templated":true}]}}