{"id":865,"date":"2022-03-31T18:29:37","date_gmt":"2022-03-31T16:29:37","guid":{"rendered":"https:\/\/www.francoisdelahaie.fr\/?page_id=865"},"modified":"2025-03-18T11:39:23","modified_gmt":"2025-03-18T10:39:23","slug":"formation-bases-et-outils-pour-la-facilitation-graphique","status":"publish","type":"page","link":"https:\/\/www.francoisdelahaie.fr\/?page_id=865","title":{"rendered":"Formation \/ Bases et outils pour la facilitation graphique"},"content":{"rendered":"\n<h2 class=\"wp-block-heading\">PROCHAINE SESSION :<\/h2>\n\n\n\n<p><strong>14 et 15 MAI 2025<\/strong><\/p>\n\n\n<div class=\"wp-block-image\">\n<figure class=\"alignleft size-full is-resized\"><img data-recalc-dims=\"1\" loading=\"lazy\" decoding=\"async\" width=\"765\" height=\"641\" data-attachment-id=\"767\" data-permalink=\"https:\/\/www.francoisdelahaie.fr\/?attachment_id=767\" data-orig-file=\"https:\/\/i0.wp.com\/www.francoisdelahaie.fr\/wp-content\/uploads\/2022\/02\/202202-FO.png?fit=765%2C641&amp;ssl=1\" data-orig-size=\"765,641\" data-comments-opened=\"1\" data-image-meta=\"{&quot;aperture&quot;:&quot;0&quot;,&quot;credit&quot;:&quot;&quot;,&quot;camera&quot;:&quot;&quot;,&quot;caption&quot;:&quot;&quot;,&quot;created_timestamp&quot;:&quot;0&quot;,&quot;copyright&quot;:&quot;&quot;,&quot;focal_length&quot;:&quot;0&quot;,&quot;iso&quot;:&quot;0&quot;,&quot;shutter_speed&quot;:&quot;0&quot;,&quot;title&quot;:&quot;&quot;,&quot;orientation&quot;:&quot;0&quot;}\" data-image-title=\"202202 FO\" data-image-description=\"\" data-image-caption=\"\" data-medium-file=\"https:\/\/i0.wp.com\/www.francoisdelahaie.fr\/wp-content\/uploads\/2022\/02\/202202-FO.png?fit=300%2C251&amp;ssl=1\" data-large-file=\"https:\/\/i0.wp.com\/www.francoisdelahaie.fr\/wp-content\/uploads\/2022\/02\/202202-FO.png?fit=765%2C641&amp;ssl=1\" src=\"https:\/\/i0.wp.com\/www.francoisdelahaie.fr\/wp-content\/uploads\/2022\/02\/202202-FO.png?resize=765%2C641&#038;ssl=1\" alt=\"\" class=\"wp-image-767\" style=\"width:191px;height:160px\" srcset=\"https:\/\/i0.wp.com\/www.francoisdelahaie.fr\/wp-content\/uploads\/2022\/02\/202202-FO.png?w=765&amp;ssl=1 765w, https:\/\/i0.wp.com\/www.francoisdelahaie.fr\/wp-content\/uploads\/2022\/02\/202202-FO.png?resize=300%2C251&amp;ssl=1 300w\" sizes=\"auto, (max-width: 765px) 100vw, 765px\" \/><\/figure><\/div>\n\n\n<p>Comment animer, convaincre, r\u00e9soudre des probl\u00e8mes, pr\u00e9senter, questionner, susciter le dialogue, l&rsquo;adh\u00e9sion, &#8230;<\/p>\n\n\n\n<p>Les outils de la pens\u00e9e visuelle sont loin de se limiter \u00e0 la capture graphique en direct pendant des \u00e9v\u00e8nements !<\/p>\n\n\n\n<p>Ces formations s&rsquo;adressent \u00e0 tous ceux qui veulent int\u00e9grer \u00e0 leurs pratiques professionnelles, et par le visuel, plus de sensibilit\u00e9, plus d&rsquo;\u00e9motions, de couleurs, d&rsquo;interactions, de m\u00e9morisation.<\/p>\n\n\n\n<p>D\u00e9tails et pr\u00e9-inscription <strong><a href=\"https:\/\/www.francoisdelahaie.fr\/?page_id=80\" data-type=\"URL\" data-id=\"https:\/\/www.francoisdelahaie.fr\/?page_id=80\" target=\"_blank\" rel=\"noreferrer noopener\">ICI<\/a><\/strong><\/p>\n\n\n\n<figure class=\"wp-block-gallery has-nested-images columns-default is-cropped wp-block-gallery-1 is-layout-flex wp-block-gallery-is-layout-flex\">\n<figure class=\"wp-block-image size-large\"><img data-recalc-dims=\"1\" loading=\"lazy\" decoding=\"async\" width=\"1024\" height=\"683\" data-attachment-id=\"866\" data-permalink=\"https:\/\/www.francoisdelahaie.fr\/?attachment_id=866\" data-orig-file=\"https:\/\/i0.wp.com\/www.francoisdelahaie.fr\/wp-content\/uploads\/2022\/03\/IMG_1254-scaled.jpg?fit=2560%2C1707&amp;ssl=1\" data-orig-size=\"2560,1707\" data-comments-opened=\"1\" data-image-meta=\"{&quot;aperture&quot;:&quot;2.4&quot;,&quot;credit&quot;:&quot;&quot;,&quot;camera&quot;:&quot;iPad (6th generation)&quot;,&quot;caption&quot;:&quot;&quot;,&quot;created_timestamp&quot;:&quot;1648210363&quot;,&quot;copyright&quot;:&quot;&quot;,&quot;focal_length&quot;:&quot;3.3&quot;,&quot;iso&quot;:&quot;100&quot;,&quot;shutter_speed&quot;:&quot;0.03030303030303&quot;,&quot;title&quot;:&quot;&quot;,&quot;orientation&quot;:&quot;0&quot;}\" data-image-title=\"IMG_1254\" data-image-description=\"\" data-image-caption=\"\" data-medium-file=\"https:\/\/i0.wp.com\/www.francoisdelahaie.fr\/wp-content\/uploads\/2022\/03\/IMG_1254-scaled.jpg?fit=300%2C200&amp;ssl=1\" data-large-file=\"https:\/\/i0.wp.com\/www.francoisdelahaie.fr\/wp-content\/uploads\/2022\/03\/IMG_1254-scaled.jpg?fit=1024%2C683&amp;ssl=1\" data-id=\"866\" src=\"https:\/\/i0.wp.com\/www.francoisdelahaie.fr\/wp-content\/uploads\/2022\/03\/IMG_1254.jpg?resize=1024%2C683&#038;ssl=1\" alt=\"\" class=\"wp-image-866\" srcset=\"https:\/\/i0.wp.com\/www.francoisdelahaie.fr\/wp-content\/uploads\/2022\/03\/IMG_1254-scaled.jpg?resize=1024%2C683&amp;ssl=1 1024w, https:\/\/i0.wp.com\/www.francoisdelahaie.fr\/wp-content\/uploads\/2022\/03\/IMG_1254-scaled.jpg?resize=300%2C200&amp;ssl=1 300w, https:\/\/i0.wp.com\/www.francoisdelahaie.fr\/wp-content\/uploads\/2022\/03\/IMG_1254-scaled.jpg?resize=768%2C512&amp;ssl=1 768w, https:\/\/i0.wp.com\/www.francoisdelahaie.fr\/wp-content\/uploads\/2022\/03\/IMG_1254-scaled.jpg?resize=1536%2C1024&amp;ssl=1 1536w, https:\/\/i0.wp.com\/www.francoisdelahaie.fr\/wp-content\/uploads\/2022\/03\/IMG_1254-scaled.jpg?resize=2048%2C1366&amp;ssl=1 2048w, https:\/\/i0.wp.com\/www.francoisdelahaie.fr\/wp-content\/uploads\/2022\/03\/IMG_1254-scaled.jpg?w=2400&amp;ssl=1 2400w\" sizes=\"auto, (max-width: 1024px) 100vw, 1024px\" \/><\/figure>\n\n\n\n<figure class=\"wp-block-image size-large\"><img data-recalc-dims=\"1\" loading=\"lazy\" decoding=\"async\" width=\"1024\" height=\"765\" data-attachment-id=\"867\" data-permalink=\"https:\/\/www.francoisdelahaie.fr\/?attachment_id=867\" data-orig-file=\"https:\/\/i0.wp.com\/www.francoisdelahaie.fr\/wp-content\/uploads\/2022\/03\/IMG_1255.jpg?fit=2045%2C1527&amp;ssl=1\" data-orig-size=\"2045,1527\" data-comments-opened=\"1\" data-image-meta=\"{&quot;aperture&quot;:&quot;2.4&quot;,&quot;credit&quot;:&quot;&quot;,&quot;camera&quot;:&quot;iPad (6th generation)&quot;,&quot;caption&quot;:&quot;&quot;,&quot;created_timestamp&quot;:&quot;1648210366&quot;,&quot;copyright&quot;:&quot;&quot;,&quot;focal_length&quot;:&quot;3.3&quot;,&quot;iso&quot;:&quot;50&quot;,&quot;shutter_speed&quot;:&quot;0.03030303030303&quot;,&quot;title&quot;:&quot;&quot;,&quot;orientation&quot;:&quot;0&quot;}\" data-image-title=\"IMG_1255\" data-image-description=\"\" data-image-caption=\"\" data-medium-file=\"https:\/\/i0.wp.com\/www.francoisdelahaie.fr\/wp-content\/uploads\/2022\/03\/IMG_1255.jpg?fit=300%2C224&amp;ssl=1\" data-large-file=\"https:\/\/i0.wp.com\/www.francoisdelahaie.fr\/wp-content\/uploads\/2022\/03\/IMG_1255.jpg?fit=1024%2C765&amp;ssl=1\" data-id=\"867\" src=\"https:\/\/i0.wp.com\/www.francoisdelahaie.fr\/wp-content\/uploads\/2022\/03\/IMG_1255.jpg?resize=1024%2C765&#038;ssl=1\" alt=\"\" class=\"wp-image-867\" srcset=\"https:\/\/i0.wp.com\/www.francoisdelahaie.fr\/wp-content\/uploads\/2022\/03\/IMG_1255.jpg?resize=1024%2C765&amp;ssl=1 1024w, https:\/\/i0.wp.com\/www.francoisdelahaie.fr\/wp-content\/uploads\/2022\/03\/IMG_1255.jpg?resize=300%2C224&amp;ssl=1 300w, https:\/\/i0.wp.com\/www.francoisdelahaie.fr\/wp-content\/uploads\/2022\/03\/IMG_1255.jpg?resize=768%2C573&amp;ssl=1 768w, https:\/\/i0.wp.com\/www.francoisdelahaie.fr\/wp-content\/uploads\/2022\/03\/IMG_1255.jpg?resize=1536%2C1147&amp;ssl=1 1536w, https:\/\/i0.wp.com\/www.francoisdelahaie.fr\/wp-content\/uploads\/2022\/03\/IMG_1255.jpg?w=2045&amp;ssl=1 2045w\" sizes=\"auto, (max-width: 1024px) 100vw, 1024px\" \/><\/figure>\n\n\n\n<figure class=\"wp-block-image size-large\"><img data-recalc-dims=\"1\" loading=\"lazy\" decoding=\"async\" width=\"1024\" height=\"452\" data-attachment-id=\"869\" data-permalink=\"https:\/\/www.francoisdelahaie.fr\/?attachment_id=869\" data-orig-file=\"https:\/\/i0.wp.com\/www.francoisdelahaie.fr\/wp-content\/uploads\/2022\/03\/IMG_0903b-scaled.jpg?fit=2560%2C1130&amp;ssl=1\" data-orig-size=\"2560,1130\" data-comments-opened=\"1\" data-image-meta=\"{&quot;aperture&quot;:&quot;2.4&quot;,&quot;credit&quot;:&quot;&quot;,&quot;camera&quot;:&quot;iPad (6th generation)&quot;,&quot;caption&quot;:&quot;&quot;,&quot;created_timestamp&quot;:&quot;1622040159&quot;,&quot;copyright&quot;:&quot;&quot;,&quot;focal_length&quot;:&quot;3.3&quot;,&quot;iso&quot;:&quot;80&quot;,&quot;shutter_speed&quot;:&quot;0.03030303030303&quot;,&quot;title&quot;:&quot;&quot;,&quot;orientation&quot;:&quot;0&quot;}\" data-image-title=\"IMG_0903b\" data-image-description=\"\" data-image-caption=\"\" data-medium-file=\"https:\/\/i0.wp.com\/www.francoisdelahaie.fr\/wp-content\/uploads\/2022\/03\/IMG_0903b-scaled.jpg?fit=300%2C132&amp;ssl=1\" data-large-file=\"https:\/\/i0.wp.com\/www.francoisdelahaie.fr\/wp-content\/uploads\/2022\/03\/IMG_0903b-scaled.jpg?fit=1024%2C452&amp;ssl=1\" data-id=\"869\" src=\"https:\/\/i0.wp.com\/www.francoisdelahaie.fr\/wp-content\/uploads\/2022\/03\/IMG_0903b.jpg?resize=1024%2C452&#038;ssl=1\" alt=\"\" class=\"wp-image-869\" srcset=\"https:\/\/i0.wp.com\/www.francoisdelahaie.fr\/wp-content\/uploads\/2022\/03\/IMG_0903b-scaled.jpg?resize=1024%2C452&amp;ssl=1 1024w, https:\/\/i0.wp.com\/www.francoisdelahaie.fr\/wp-content\/uploads\/2022\/03\/IMG_0903b-scaled.jpg?resize=300%2C132&amp;ssl=1 300w, https:\/\/i0.wp.com\/www.francoisdelahaie.fr\/wp-content\/uploads\/2022\/03\/IMG_0903b-scaled.jpg?resize=768%2C339&amp;ssl=1 768w, https:\/\/i0.wp.com\/www.francoisdelahaie.fr\/wp-content\/uploads\/2022\/03\/IMG_0903b-scaled.jpg?resize=1536%2C678&amp;ssl=1 1536w, https:\/\/i0.wp.com\/www.francoisdelahaie.fr\/wp-content\/uploads\/2022\/03\/IMG_0903b-scaled.jpg?resize=2048%2C904&amp;ssl=1 2048w, https:\/\/i0.wp.com\/www.francoisdelahaie.fr\/wp-content\/uploads\/2022\/03\/IMG_0903b-scaled.jpg?w=2400&amp;ssl=1 2400w\" sizes=\"auto, (max-width: 1024px) 100vw, 1024px\" \/><\/figure>\n\n\n\n<figure class=\"wp-block-image size-large\"><img data-recalc-dims=\"1\" loading=\"lazy\" decoding=\"async\" width=\"1024\" height=\"542\" data-attachment-id=\"870\" data-permalink=\"https:\/\/www.francoisdelahaie.fr\/?attachment_id=870\" data-orig-file=\"https:\/\/i0.wp.com\/www.francoisdelahaie.fr\/wp-content\/uploads\/2022\/03\/IMG_1190b-scaled.jpg?fit=2560%2C1356&amp;ssl=1\" data-orig-size=\"2560,1356\" data-comments-opened=\"1\" data-image-meta=\"{&quot;aperture&quot;:&quot;2.4&quot;,&quot;credit&quot;:&quot;&quot;,&quot;camera&quot;:&quot;iPad (6th generation)&quot;,&quot;caption&quot;:&quot;&quot;,&quot;created_timestamp&quot;:&quot;1636111042&quot;,&quot;copyright&quot;:&quot;&quot;,&quot;focal_length&quot;:&quot;3.3&quot;,&quot;iso&quot;:&quot;80&quot;,&quot;shutter_speed&quot;:&quot;0.03030303030303&quot;,&quot;title&quot;:&quot;&quot;,&quot;orientation&quot;:&quot;0&quot;}\" data-image-title=\"IMG_1190b\" data-image-description=\"\" data-image-caption=\"\" data-medium-file=\"https:\/\/i0.wp.com\/www.francoisdelahaie.fr\/wp-content\/uploads\/2022\/03\/IMG_1190b-scaled.jpg?fit=300%2C159&amp;ssl=1\" data-large-file=\"https:\/\/i0.wp.com\/www.francoisdelahaie.fr\/wp-content\/uploads\/2022\/03\/IMG_1190b-scaled.jpg?fit=1024%2C542&amp;ssl=1\" data-id=\"870\" src=\"https:\/\/i0.wp.com\/www.francoisdelahaie.fr\/wp-content\/uploads\/2022\/03\/IMG_1190b.jpg?resize=1024%2C542&#038;ssl=1\" alt=\"\" class=\"wp-image-870\" srcset=\"https:\/\/i0.wp.com\/www.francoisdelahaie.fr\/wp-content\/uploads\/2022\/03\/IMG_1190b-scaled.jpg?resize=1024%2C542&amp;ssl=1 1024w, https:\/\/i0.wp.com\/www.francoisdelahaie.fr\/wp-content\/uploads\/2022\/03\/IMG_1190b-scaled.jpg?resize=300%2C159&amp;ssl=1 300w, https:\/\/i0.wp.com\/www.francoisdelahaie.fr\/wp-content\/uploads\/2022\/03\/IMG_1190b-scaled.jpg?resize=768%2C407&amp;ssl=1 768w, https:\/\/i0.wp.com\/www.francoisdelahaie.fr\/wp-content\/uploads\/2022\/03\/IMG_1190b-scaled.jpg?resize=1536%2C814&amp;ssl=1 1536w, https:\/\/i0.wp.com\/www.francoisdelahaie.fr\/wp-content\/uploads\/2022\/03\/IMG_1190b-scaled.jpg?resize=2048%2C1085&amp;ssl=1 2048w, https:\/\/i0.wp.com\/www.francoisdelahaie.fr\/wp-content\/uploads\/2022\/03\/IMG_1190b-scaled.jpg?w=2400&amp;ssl=1 2400w\" sizes=\"auto, (max-width: 1024px) 100vw, 1024px\" \/><\/figure>\n\n\n\n<figure class=\"wp-block-image size-large\"><img data-recalc-dims=\"1\" loading=\"lazy\" decoding=\"async\" width=\"1024\" height=\"585\" data-attachment-id=\"868\" data-permalink=\"https:\/\/www.francoisdelahaie.fr\/?attachment_id=868\" data-orig-file=\"https:\/\/i0.wp.com\/www.francoisdelahaie.fr\/wp-content\/uploads\/2022\/03\/viv1-scaled.jpg?fit=2560%2C1463&amp;ssl=1\" data-orig-size=\"2560,1463\" data-comments-opened=\"1\" data-image-meta=\"{&quot;aperture&quot;:&quot;0&quot;,&quot;credit&quot;:&quot;&quot;,&quot;camera&quot;:&quot;&quot;,&quot;caption&quot;:&quot;&quot;,&quot;created_timestamp&quot;:&quot;0&quot;,&quot;copyright&quot;:&quot;&quot;,&quot;focal_length&quot;:&quot;0&quot;,&quot;iso&quot;:&quot;0&quot;,&quot;shutter_speed&quot;:&quot;0&quot;,&quot;title&quot;:&quot;&quot;,&quot;orientation&quot;:&quot;0&quot;}\" data-image-title=\"viv1\" data-image-description=\"\" data-image-caption=\"\" data-medium-file=\"https:\/\/i0.wp.com\/www.francoisdelahaie.fr\/wp-content\/uploads\/2022\/03\/viv1-scaled.jpg?fit=300%2C171&amp;ssl=1\" data-large-file=\"https:\/\/i0.wp.com\/www.francoisdelahaie.fr\/wp-content\/uploads\/2022\/03\/viv1-scaled.jpg?fit=1024%2C585&amp;ssl=1\" data-id=\"868\" src=\"https:\/\/i0.wp.com\/www.francoisdelahaie.fr\/wp-content\/uploads\/2022\/03\/viv1.jpg?resize=1024%2C585&#038;ssl=1\" alt=\"\" class=\"wp-image-868\" srcset=\"https:\/\/i0.wp.com\/www.francoisdelahaie.fr\/wp-content\/uploads\/2022\/03\/viv1-scaled.jpg?resize=1024%2C585&amp;ssl=1 1024w, https:\/\/i0.wp.com\/www.francoisdelahaie.fr\/wp-content\/uploads\/2022\/03\/viv1-scaled.jpg?resize=300%2C171&amp;ssl=1 300w, https:\/\/i0.wp.com\/www.francoisdelahaie.fr\/wp-content\/uploads\/2022\/03\/viv1-scaled.jpg?resize=768%2C439&amp;ssl=1 768w, https:\/\/i0.wp.com\/www.francoisdelahaie.fr\/wp-content\/uploads\/2022\/03\/viv1-scaled.jpg?resize=1536%2C878&amp;ssl=1 1536w, https:\/\/i0.wp.com\/www.francoisdelahaie.fr\/wp-content\/uploads\/2022\/03\/viv1-scaled.jpg?resize=2048%2C1171&amp;ssl=1 2048w, https:\/\/i0.wp.com\/www.francoisdelahaie.fr\/wp-content\/uploads\/2022\/03\/viv1-scaled.jpg?w=2400&amp;ssl=1 2400w\" sizes=\"auto, (max-width: 1024px) 100vw, 1024px\" \/><\/figure>\n<\/figure>\n","protected":false},"excerpt":{"rendered":"<p>PROCHAINE SESSION : 14 et 15 MAI 2025 Comment animer, convaincre, r\u00e9soudre des probl\u00e8mes, pr\u00e9senter, questionner, susciter le dialogue, l&rsquo;adh\u00e9sion, &#8230; Les outils de la pens\u00e9e visuelle sont loin de se limiter \u00e0 la capture graphique en direct pendant des \u00e9v\u00e8nements ! Ces formations s&rsquo;adressent \u00e0 tous ceux qui veulent int\u00e9grer \u00e0 leurs pratiques professionnelles, [&hellip;]<\/p>\n","protected":false},"author":1,"featured_media":0,"parent":0,"menu_order":0,"comment_status":"closed","ping_status":"closed","template":"","meta":{"ocean_post_layout":"full-width","ocean_both_sidebars_style":"","ocean_both_sidebars_content_width":0,"ocean_both_sidebars_sidebars_width":0,"ocean_sidebar":"0","ocean_second_sidebar":"0","ocean_disable_margins":"enable","ocean_add_body_class":"","ocean_shortcode_before_top_bar":"","ocean_shortcode_after_top_bar":"","ocean_shortcode_before_header":"","ocean_shortcode_after_header":"","ocean_has_shortcode":"","ocean_shortcode_after_title":"","ocean_shortcode_before_footer_widgets":"","ocean_shortcode_after_footer_widgets":"","ocean_shortcode_before_footer_bottom":"","ocean_shortcode_after_footer_bottom":"","ocean_display_top_bar":"default","ocean_display_header":"default","ocean_header_style":"","ocean_center_header_left_menu":"0","ocean_custom_header_template":"0","ocean_custom_logo":0,"ocean_custom_retina_logo":0,"ocean_custom_logo_max_width":0,"ocean_custom_logo_tablet_max_width":0,"ocean_custom_logo_mobile_max_width":0,"ocean_custom_logo_max_height":0,"ocean_custom_logo_tablet_max_height":0,"ocean_custom_logo_mobile_max_height":0,"ocean_header_custom_menu":"0","ocean_menu_typo_font_family":"0","ocean_menu_typo_font_subset":"","ocean_menu_typo_font_size":0,"ocean_menu_typo_font_size_tablet":0,"ocean_menu_typo_font_size_mobile":0,"ocean_menu_typo_font_size_unit":"px","ocean_menu_typo_font_weight":"","ocean_menu_typo_font_weight_tablet":"","ocean_menu_typo_font_weight_mobile":"","ocean_menu_typo_transform":"","ocean_menu_typo_transform_tablet":"","ocean_menu_typo_transform_mobile":"","ocean_menu_typo_line_height":0,"ocean_menu_typo_line_height_tablet":0,"ocean_menu_typo_line_height_mobile":0,"ocean_menu_typo_line_height_unit":"","ocean_menu_typo_spacing":0,"ocean_menu_typo_spacing_tablet":0,"ocean_menu_typo_spacing_mobile":0,"ocean_menu_typo_spacing_unit":"","ocean_menu_link_color":"","ocean_menu_link_color_hover":"","ocean_menu_link_color_active":"","ocean_menu_link_background":"","ocean_menu_link_hover_background":"","ocean_menu_link_active_background":"","ocean_menu_social_links_bg":"","ocean_menu_social_hover_links_bg":"","ocean_menu_social_links_color":"","ocean_menu_social_hover_links_color":"","ocean_disable_title":"default","ocean_disable_heading":"default","ocean_post_title":"","ocean_post_subheading":"","ocean_post_title_style":"","ocean_post_title_background_color":"","ocean_post_title_background":0,"ocean_post_title_bg_image_position":"","ocean_post_title_bg_image_attachment":"","ocean_post_title_bg_image_repeat":"","ocean_post_title_bg_image_size":"","ocean_post_title_height":0,"ocean_post_title_bg_overlay":0.5,"ocean_post_title_bg_overlay_color":"","ocean_disable_breadcrumbs":"default","ocean_breadcrumbs_color":"","ocean_breadcrumbs_separator_color":"","ocean_breadcrumbs_links_color":"","ocean_breadcrumbs_links_hover_color":"","ocean_display_footer_widgets":"default","ocean_display_footer_bottom":"default","ocean_custom_footer_template":"0","jetpack_post_was_ever_published":false,"footnotes":""},"class_list":["post-865","page","type-page","status-publish","hentry","entry"],"jetpack_sharing_enabled":true,"jetpack_shortlink":"https:\/\/wp.me\/PaCJF5-dX","_links":{"self":[{"href":"https:\/\/www.francoisdelahaie.fr\/index.php?rest_route=\/wp\/v2\/pages\/865","targetHints":{"allow":["GET"]}}],"collection":[{"href":"https:\/\/www.francoisdelahaie.fr\/index.php?rest_route=\/wp\/v2\/pages"}],"about":[{"href":"https:\/\/www.francoisdelahaie.fr\/index.php?rest_route=\/wp\/v2\/types\/page"}],"author":[{"embeddable":true,"href":"https:\/\/www.francoisdelahaie.fr\/index.php?rest_route=\/wp\/v2\/users\/1"}],"replies":[{"embeddable":true,"href":"https:\/\/www.francoisdelahaie.fr\/index.php?rest_route=%2Fwp%2Fv2%2Fcomments&post=865"}],"version-history":[{"count":4,"href":"https:\/\/www.francoisdelahaie.fr\/index.php?rest_route=\/wp\/v2\/pages\/865\/revisions"}],"predecessor-version":[{"id":1108,"href":"https:\/\/www.francoisdelahaie.fr\/index.php?rest_route=\/wp\/v2\/pages\/865\/revisions\/1108"}],"wp:attachment":[{"href":"https:\/\/www.francoisdelahaie.fr\/index.php?rest_route=%2Fwp%2Fv2%2Fmedia&parent=865"}],"curies":[{"name":"wp","href":"https:\/\/api.w.org\/{rel}","templated":true}]}}